{"id":15131,"date":"2021-03-18T21:39:32","date_gmt":"2021-03-18T21:39:32","guid":{"rendered":"https:\/\/wattsmartsavings.net\/residencial-washington\/calentadores-de-agua-hibridos-electricos\/"},"modified":"2025-01-22T23:32:41","modified_gmt":"2025-01-22T23:32:41","slug":"calentadores-de-agua-hibridos-electricos","status":"publish","type":"page","link":"https:\/\/wattsmartsavings.net\/es\/residencial-washington\/calentadores-de-agua-hibridos-electricos\/","title":{"rendered":"Calentadores de agua h\u00edbridos el\u00e9ctricos"},"content":{"rendered":"<p>[et_pb_section fb_built=\u00bb1&#8243; admin_label=\u00bbSection\u00bb module_id=\u00bbEmpece a ahorrar\u00bb _builder_version=\u00bb4.16&#8243; _module_preset=\u00bbdefault\u00bb background_enable_color=\u00bboff\u00bb background_image=\u00bbhttps:\/\/wattsmartsavings.net\/wp-content\/uploads\/2021\/05\/GettyImages-1224916356-flipped.png\u00bb parallax=\u00bbon\u00bb width_tablet=\u00bb\u00bb width_phone=\u00bb\u00bb width_last_edited=\u00bbon|phone\u00bb max_width_tablet=\u00bb\u00bb max_width_phone=\u00bb\u00bb max_width_last_edited=\u00bbon|phone\u00bb min_height=\u00bb90vh\u00bb min_height_tablet=\u00bb\u00bb min_height_phone=\u00bb\u00bb min_height_last_edited=\u00bbon|phone\u00bb mix_blend_mode=\u00bboverlay\u00bb top_divider_color=\u00bbRGBA(0,0,0,0)\u00bb animation_style=\u00bbfade\u00bb background_last_edited=\u00bbon|phone\u00bb parallax_phone=\u00bboff\u00bb background_size_phone=\u00bbcover\u00bb background_position_phone=\u00bbbottom_left\u00bb global_colors_info=\u00bb{}\u00bb][et_pb_row _builder_version=\u00bb4.16&#8243; _module_preset=\u00bbdefault\u00bb background_enable_color=\u00bboff\u00bb width=\u00bb40%\u00bb width_tablet=\u00bb\u00bb width_phone=\u00bb100%\u00bb width_last_edited=\u00bbon|phone\u00bb module_alignment=\u00bbcenter\u00bb custom_margin=\u00bb100px|auto||auto|false|false\u00bb custom_padding=\u00bb|25px||25px|true|true\u00bb animation_style=\u00bbfade\u00bb global_colors_info=\u00bb{}\u00bb][et_pb_column type=\u00bb4_4&#8243; _builder_version=\u00bb4.16&#8243; _module_preset=\u00bbdefault\u00bb global_colors_info=\u00bb{}\u00bb][et_pb_text _builder_version=\u00bb4.16&#8243; _module_preset=\u00bbdefault\u00bb text_font=\u00bb|||||on|||\u00bb text_text_color=\u00bb#FFFFFF\u00bb text_font_size=\u00bb70px\u00bb text_letter_spacing=\u00bb1px\u00bb text_line_height=\u00bb0.8em\u00bb header_font_size=\u00bb32px\u00bb text_orientation=\u00bbcenter\u00bb text_font_size_tablet=\u00bb\u00bb text_font_size_phone=\u00bb50px\u00bb text_font_size_last_edited=\u00bbon|phone\u00bb global_colors_info=\u00bb{}\u00bb]<\/p>\n<p>Ahorros Candentes<\/p>\n<p>[\/et_pb_text][et_pb_text _builder_version=\u00bb4.17.4&#8243; _module_preset=\u00bbdefault\u00bb text_font=\u00bb|700||||on|||\u00bb text_text_color=\u00bb#196fb6&#8243; text_font_size=\u00bb42px\u00bb text_letter_spacing=\u00bb1px\u00bb text_line_height=\u00bb0.8em\u00bb text_orientation=\u00bbcenter\u00bb min_height=\u00bb31px\u00bb custom_margin=\u00bb||6px|||\u00bb custom_margin_tablet=\u00bb\u00bb custom_margin_phone=\u00bb\u00bb custom_margin_last_edited=\u00bbon|phone\u00bb hover_enabled=\u00bb0&#8243; text_text_shadow_style=\u00bbpreset2&#8243; text_text_shadow_blur_strength=\u00bb0.09em\u00bb text_text_shadow_color=\u00bbrgba(38,38,38,0.58)\u00bb global_colors_info=\u00bb{}\u00bb sticky_enabled=\u00bb0&#8243;]<\/p>\n<p>$900 de reembolso en efectivo<\/p>\n<p>[\/et_pb_text][et_pb_text module_id=\u00bbhpwhsavings-tax-info\u00bb module_class=\u00bbwa-hpwhsavings-tax-info\u00bb _builder_version=\u00bb4.16&#8243; _module_preset=\u00bbdefault\u00bb text_font=\u00bb||on||||||\u00bb text_text_color=\u00bb#FFFFFF\u00bb text_font_size=\u00bb16px\u00bb link_text_color=\u00bb#196FB6&#8243; link_font_size=\u00bb16px\u00bb text_orientation=\u00bbcenter\u00bb custom_margin=\u00bb||9px|||\u00bb global_colors_info=\u00bb{}\u00bb]<strong>\u00a1Adem\u00e1s, podr\u00eda ser <span style=\"text-decoration: underline;\">elegible para recibir otros $300!*<\/span><\/strong>[\/et_pb_text][et_pb_text _builder_version=\u00bb4.16&#8243; _module_preset=\u00bbdefault\u00bb text_font=\u00bb|||||on|||\u00bb text_text_color=\u00bb#FFFFFF\u00bb text_font_size=\u00bb56px\u00bb text_letter_spacing=\u00bb1px\u00bb text_line_height=\u00bb0.7em\u00bb text_orientation=\u00bbcenter\u00bb custom_margin=\u00bb||2px|||\u00bb custom_padding=\u00bb11px|||||\u00bb global_colors_info=\u00bb{}\u00bb]<\/p>\n<p>Calentadores de agua h\u00edbridos el\u00e9ctricos<\/p>\n<p>[\/et_pb_text][et_pb_text _builder_version=\u00bb4.16&#8243; _module_preset=\u00bbdefault\u00bb text_text_color=\u00bb#FFFFFF\u00bb global_colors_info=\u00bb{}\u00bb]<\/p>\n<p style=\"text-align: center;\">(tambi\u00e9n conocidos como calentadores de agua con bomba de calor)<\/p>\n<p>[\/et_pb_text][\/et_pb_column][\/et_pb_row][et_pb_row column_structure=\u00bb1_3,1_3,1_3&#8243; custom_padding_last_edited=\u00bboff|desktop\u00bb _builder_version=\u00bb4.16&#8243; _module_preset=\u00bbdefault\u00bb global_colors_info=\u00bb{}\u00bb][et_pb_column type=\u00bb1_3&#8243; _builder_version=\u00bb4.16&#8243; _module_preset=\u00bbdefault\u00bb global_colors_info=\u00bb{}\u00bb][et_pb_cta title=\u00bb\u00bfVa a la tienda?\u00bb button_url=\u00bbhttps:\/\/pacificorpdsmc.traksmart.com\/traksmart4\/html\/pux\/product\/118315115\/measure?siteId=2648159741&#8243; url_new_window=\u00bbon\u00bb button_text=\u00bbRECLAMAR CUP\u00d3N\u00bb _builder_version=\u00bb4.17.4&#8243; _module_preset=\u00bbdefault\u00bb header_font_size=\u00bb22px\u00bb header_line_height=\u00bb2em\u00bb background_color=\u00bbrgba(25,111,182,0.72)\u00bb custom_button=\u00bbon\u00bb button_text_color=\u00bb#196FB6&#8243; button_bg_color=\u00bb#F5F5F5&#8243; button_border_width=\u00bb0px\u00bb animation_style=\u00bbzoom\u00bb hover_enabled=\u00bb0&#8243; global_colors_info=\u00bb{}\u00bb sticky_enabled=\u00bb0&#8243;]<\/p>\n<p>Consigue un cup\u00f3n antes de ir para ahorrar $900 instant\u00e1neamente en el momento de la compra.<\/p>\n<p>[\/et_pb_cta][\/et_pb_column][et_pb_column type=\u00bb1_3&#8243; _builder_version=\u00bb4.16&#8243; _module_preset=\u00bbdefault\u00bb global_colors_info=\u00bb{}\u00bb][et_pb_cta title=\u00bb\u00bfYa compro tu calentador de agua?\u00bb button_url=\u00bbhttps:\/\/wattsmartsavings.net\/apps\/WA\/05-WA-heat-pump-water-heater.pdf\u00bb url_new_window=\u00bbon\u00bb button_text=\u00bbSOLICITAR POR CORREO\u00bb _builder_version=\u00bb4.16&#8243; _module_preset=\u00bbdefault\u00bb header_font_size=\u00bb22px\u00bb background_color=\u00bbrgba(25,111,182,0.72)\u00bb custom_button=\u00bbon\u00bb button_text_color=\u00bb#196FB6&#8243; button_bg_color=\u00bb#F5F5F5&#8243; button_border_width=\u00bb0px\u00bb animation_style=\u00bbzoom\u00bb global_colors_info=\u00bb{}\u00bb]<\/p>\n<p><span>Complete la solicitud posterior a la compra por correo postal o electr\u00f3nico<\/span><\/p>\n<p>[\/et_pb_cta][\/et_pb_column][et_pb_column type=\u00bb1_3&#8243; _builder_version=\u00bb4.16&#8243; _module_preset=\u00bbdefault\u00bb global_colors_info=\u00bb{}\u00bb][et_pb_cta title=\u00bbEmpiece en l\u00ednea\u00bb button_url=\u00bbhttps:\/\/csapps.pacificpower.net\/secure\/savings-energy-choices\/home-energy-savings\u00bb button_text=\u00bbSOLICITE EN L\u00cdNEA\u00bb _builder_version=\u00bb4.16&#8243; _module_preset=\u00bbdefault\u00bb header_font_size=\u00bb22px\u00bb header_line_height=\u00bb2em\u00bb background_color=\u00bbrgba(25,111,182,0.72)\u00bb custom_button=\u00bbon\u00bb button_text_color=\u00bb#196FB6&#8243; button_bg_color=\u00bb#F5F5F5&#8243; button_border_width=\u00bb0px\u00bb button_border_radius=\u00bb3px\u00bb animation_style=\u00bbzoom\u00bb global_colors_info=\u00bb{}\u00bb]<\/p>\n<p><span>Complete la solicitud post-compra en l\u00ednea<\/span><\/p>\n<p>[\/et_pb_cta][\/et_pb_column][\/et_pb_row][\/et_pb_section][et_pb_section fb_built=\u00bb1&#8243; disabled_on=\u00bbon|on|on\u00bb admin_label=\u00bbPopup &#8211; #hpwh-tax-info-pop\u00bb module_id=\u00bbinformaci\u00f3n-de-impuestos-hpwh-pop\u00bb module_class=\u00bbpopup close-alt\u00bb _builder_version=\u00bb4.16&#8243; _module_preset=\u00bbdefault\u00bb width=\u00bb30%\u00bb max_width=\u00bb40%\u00bb module_alignment=\u00bbcenter\u00bb disabled=\u00bbon\u00bb global_colors_info=\u00bb{}\u00bb][et_pb_row _builder_version=\u00bb4.16&#8243; _module_preset=\u00bbdefault\u00bb global_colors_info=\u00bb{}\u00bb][et_pb_column type=\u00bb4_4&#8243; _builder_version=\u00bb4.16&#8243; _module_preset=\u00bbdefault\u00bb global_colors_info=\u00bb{}\u00bb][et_pb_text _builder_version=\u00bb4.16&#8243; _module_preset=\u00bbdefault\u00bb global_colors_info=\u00bb{}\u00bb]<\/p>\n<p><span>Los cr\u00e9ditos fiscales federales para la energ\u00eda de las propiedades no comerciales se han extendido retroactivamente desde el 31 de diciembre de 2017 hasta el 31 de diciembre de 2021. Los cr\u00e9ditos fiscales est\u00e1n disponibles para los propietarios de viviendas que instalaron productos de eficiencia energ\u00e9tica en 2018, 2019 y 2020. Los calentadores de agua con bomba de calor son elegibles para un cr\u00e9dito fiscal de $300.   <\/span><\/p>\n<p><span>Al compartir esta informaci\u00f3n, Pacific Power no proporciona ning\u00fan tipo de asesoramiento fiscal. Consulte con su asesor fiscal sobre el tratamiento fiscal de los incentivos y la declaraci\u00f3n de pagos en relaci\u00f3n con sus impuestos. <\/span><\/p>\n<p>[\/et_pb_text][et_pb_button button_url=\u00bbhttp:\/\/www.energystar.gov\/about\/federal_tax_credits\/non_business_energy_property_tax_credits\u00bb url_new_window=\u00bbon\u00bb button_text=\u00bbM\u00c1S INFORMACI\u00d3N\u00bb _builder_version=\u00bb4.16&#8243; _module_preset=\u00bbdefault\u00bb custom_button=\u00bbon\u00bb button_text_color=\u00bb#FFFFFF\u00bb button_bg_color=\u00bb#196FB6&#8243; button_border_width=\u00bb0px\u00bb button_border_radius=\u00bb0px\u00bb global_colors_info=\u00bb{}\u00bb][\/et_pb_button][\/et_pb_column][\/et_pb_row][\/et_pb_section][et_pb_section fb_built=\u00bb1&#8243; admin_label=\u00bbSection\u00bb _builder_version=\u00bb4.16&#8243; _module_preset=\u00bbdefault\u00bb global_colors_info=\u00bb{}\u00bb][et_pb_row column_structure=\u00bb1_2,1_2&#8243; _builder_version=\u00bb4.16&#8243; _module_preset=\u00bbdefault\u00bb global_colors_info=\u00bb{}\u00bb][et_pb_column type=\u00bb1_2&#8243; _builder_version=\u00bb4.16&#8243; _module_preset=\u00bbdefault\u00bb global_colors_info=\u00bb{}\u00bb][et_pb_blurb title=\u00bb\u00bfPor qu\u00e9 un calentador de agua h\u00edbrido el\u00e9ctrico?\u00bb _builder_version=\u00bb4.16&#8243; _module_preset=\u00bbdefault\u00bb header_level=\u00bbh1&#8243; header_font=\u00bb|||on|||||\u00bb header_text_color=\u00bb#196FB6&#8243; header_font_size=\u00bb30px\u00bb body_font=\u00bbLato||||||||\u00bb body_font_size=\u00bb16px\u00bb global_colors_info=\u00bb{}\u00bb]<\/p>\n<p><span style=\"font-weight: 400;\">Los calentadores de agua h\u00edbridos el\u00e9ctricos que cumplen con<\/span> <a href=\"https:\/\/neea.org\/our-work\/advanced-water-heating-specification\"><span style=\"font-weight: 400;\">la Especificaci\u00f3n avanzada de calentamiento de agua el\u00e9ctrico<\/span><\/a> <a href=\"https:\/\/neea.org\/\"><span style=\"font-weight: 400;\">de la Northwest Energy Efficiency Alliance<\/span><\/a> <span style=\"font-weight: 400;\">(NEEA)<\/span> <span style=\"font-weight: 400;\">est\u00e1n certificados para ahorrarle energ\u00eda, ahorrarle dinero y proteger el medio ambiente.<\/span><\/p>\n<p>[\/et_pb_blurb][et_pb_text _builder_version=\u00bb4.16&#8243; _module_preset=\u00bbdefault\u00bb text_font=\u00bb|||on|||||\u00bb text_text_color=\u00bb#5C5C5C\u00bb text_font_size=\u00bb24px\u00bb custom_margin=\u00bb||12px|||\u00bb global_colors_info=\u00bb{}\u00bb]Utilice menos energ\u00eda[\/et_pb_text][et_pb_divider color=\u00bb#196FB6&#8243; divider_weight=\u00bb2px\u00bb _builder_version=\u00bb4.16&#8243; _module_preset=\u00bbdefault\u00bb width=\u00bb20%\u00bb min_height=\u00bb22px\u00bb custom_margin=\u00bb||6px|||\u00bb global_colors_info=\u00bb{}\u00bb][\/et_pb_divider][et_pb_text _builder_version=\u00bb4.16&#8243; _module_preset=\u00bbdefault\u00bb custom_margin=\u00bb-9px|||||\u00bb global_colors_info=\u00bb{}\u00bb]<\/p>\n<p><span style=\"font-weight: 400;\">En comparaci\u00f3n con un calentador de agua el\u00e9ctrico est\u00e1ndar, los modelos de calentadores de agua el\u00e9ctricos h\u00edbridos utilizan hasta un 70% menos de electricidad.<\/span><\/p>\n<p>[\/et_pb_text][et_pb_text _builder_version=\u00bb4.16&#8243; _module_preset=\u00bbdefault\u00bb text_font=\u00bb|||on|||||\u00bb text_text_color=\u00bb#5C5C5C\u00bb text_font_size=\u00bb24px\u00bb custom_margin=\u00bb||12px|||\u00bb global_colors_info=\u00bb{}\u00bb]AHORRE DINERO[\/et_pb_text][et_pb_divider color=\u00bb#196FB6&#8243; divider_weight=\u00bb2px\u00bb _builder_version=\u00bb4.16&#8243; _module_preset=\u00bbdefault\u00bb width=\u00bb20%\u00bb custom_margin=\u00bb||8px|||\u00bb global_colors_info=\u00bb{}\u00bb][\/et_pb_divider][et_pb_text _builder_version=\u00bb4.16&#8243; _module_preset=\u00bbdefault\u00bb custom_margin=\u00bb-9px|||||\u00bb global_colors_info=\u00bb{}\u00bb]<\/p>\n<p><span style=\"font-weight: 400;\">Al actualizar a un calentador de agua h\u00edbrido el\u00e9ctrico, la familia promedio de cuatro personas podr\u00eda ahorrar cientos de d\u00f3lares en sus facturas de electricidad.<\/span><\/p>\n<p>[\/et_pb_text][et_pb_text _builder_version=\u00bb4.16&#8243; _module_preset=\u00bbdefault\u00bb text_font=\u00bb|||on|||||\u00bb text_text_color=\u00bb#5C5C5C\u00bb text_font_size=\u00bb24px\u00bb custom_margin=\u00bb||12px|||\u00bb global_colors_info=\u00bb{}\u00bb]<\/p>\n<p>BENEFICIAR AL MEDIO AMBIENTE<\/p>\n<p>[\/et_pb_text][et_pb_divider color=\u00bb#196FB6&#8243; divider_weight=\u00bb2px\u00bb _builder_version=\u00bb4.16&#8243; _module_preset=\u00bbdefault\u00bb width=\u00bb20%\u00bb custom_margin=\u00bb||8px|||\u00bb global_colors_info=\u00bb{}\u00bb][\/et_pb_divider][et_pb_text _builder_version=\u00bb4.16&#8243; _module_preset=\u00bbdefault\u00bb custom_margin=\u00bb-9px|||||\u00bb global_colors_info=\u00bb{}\u00bb]<\/p>\n<p>La EPA calcula que si los calentadores de agua el\u00e9ctricos h\u00edbridos especificados por la NEEA reemplazaran todos los calentadores de agua el\u00e9ctricos est\u00e1ndar en los EE. UU., se evitar\u00edan aproximadamente 140 mil millones de libras de emisiones anuales de gases de efecto invernadero.<\/p>\n<p>[\/et_pb_text][\/et_pb_column][et_pb_column type=\u00bb1_2&#8243; _builder_version=\u00bb4.16&#8243; _module_preset=\u00bbdefault\u00bb global_colors_info=\u00bb{}\u00bb][et_pb_image src=\u00bbhttps:\/\/wattsmartsavings.net\/wp-content\/uploads\/2021\/03\/Heat-pump-water-heater-1.png\u00bb title_text=\u00bbCalentador de agua con bomba de calor 1&#8243; _builder_version=\u00bb4.16&#8243; _module_preset=\u00bbdefault\u00bb custom_margin=\u00bb23px||||false|false\u00bb animation_style=\u00bbslide\u00bb animation_direction=\u00bbright\u00bb animation_intensity_slide=\u00bb20%\u00bb global_colors_info=\u00bb{}\u00bb][\/et_pb_image][\/et_pb_column][\/et_pb_row][\/et_pb_section][et_pb_section fb_built=\u00bb1&#8243; admin_label=\u00bbSection\u00bb _builder_version=\u00bb4.16&#8243; _module_preset=\u00bbdefault\u00bb background_color=\u00bb#F5F5F5&#8243; global_colors_info=\u00bb{}\u00bb][et_pb_row _builder_version=\u00bb4.16&#8243; _module_preset=\u00bbdefault\u00bb global_colors_info=\u00bb{}\u00bb][et_pb_column type=\u00bb4_4&#8243; _builder_version=\u00bb4.16&#8243; _module_preset=\u00bbdefault\u00bb global_colors_info=\u00bb{}\u00bb][et_pb_text _builder_version=\u00bb4.16&#8243; _module_preset=\u00bbdefault\u00bb text_font=\u00bb|||on|||||\u00bb text_text_color=\u00bb#196FB6&#8243; text_font_size=\u00bb48px\u00bb text_line_height=\u00bb1em\u00bb text_orientation=\u00bbcenter\u00bb animation_style=\u00bbfade\u00bb global_colors_info=\u00bb{}\u00bb]Reembolsos y cr\u00e9ditos fiscales[\/et_pb_text][et_pb_video src=\u00bbhttps:\/\/wattsmartsavings.net\/wp-content\/uploads\/2021\/03\/Neea-Alchemy-1.m4v\u00bb play_icon_color=\u00bb#FFFFFF\u00bb _builder_version=\u00bb4.16&#8243; _module_preset=\u00bbdefault\u00bb animation_style=\u00bbfade\u00bb global_colors_info=\u00bb{}\u00bb][\/et_pb_video][\/et_pb_column][\/et_pb_row][\/et_pb_section][et_pb_section fb_built=\u00bb1&#8243; admin_label=\u00bbSection\u00bb _builder_version=\u00bb4.16&#8243; _module_preset=\u00bbdefault\u00bb global_colors_info=\u00bb{}\u00bb][et_pb_row column_structure=\u00bb1_2,1_2&#8243; _builder_version=\u00bb4.16&#8243; _module_preset=\u00bbdefault\u00bb global_colors_info=\u00bb{}\u00bb][et_pb_column type=\u00bb1_2&#8243; _builder_version=\u00bb4.16&#8243; _module_preset=\u00bbdefault\u00bb global_colors_info=\u00bb{}\u00bb][et_pb_image src=\u00bbhttps:\/\/wattsmartsavings.net\/wp-content\/uploads\/2021\/03\/GettyImages-1212066355-1-scaled.jpg\u00bb title_text=\u00bbMano femenina tocando el agua que sale de una ducha de lluvia, comprobando la temperatura del agua\u00bb _builder_version=\u00bb4.16&#8243; _module_preset=\u00bbdefault\u00bb animation_style=\u00bbslide\u00bb animation_direction=\u00bbleft\u00bb global_colors_info=\u00bb{}\u00bb][\/et_pb_image][\/et_pb_column][et_pb_column type=\u00bb1_2&#8243; _builder_version=\u00bb4.16&#8243; _module_preset=\u00bbdefault\u00bb global_colors_info=\u00bb{}\u00bb][et_pb_text _builder_version=\u00bb4.16&#8243; _module_preset=\u00bbdefault\u00bb text_font=\u00bb|||on|||||\u00bb text_font_size=\u00bb28px\u00bb text_line_height=\u00bb1em\u00bb animation_style=\u00bbslide\u00bb animation_direction=\u00bbright\u00bb global_colors_info=\u00bb{}\u00bb]Aseg\u00farese de calificar[\/et_pb_text][et_pb_text _builder_version=\u00bb4.16&#8243; _module_preset=\u00bbdefault\u00bb ul_text_color=\u00bb#5C5C5C\u00bb animation_style=\u00bbslide\u00bb animation_direction=\u00bbright\u00bb global_colors_info=\u00bb{}\u00bb]<\/p>\n<ul>\n<li style=\"text-align: left;\"><span style=\"font-weight: 400;\">El calentador de agua anterior debe haber sido un<\/span> <b>calentador de agua de almacenamiento el\u00e9ctrico<\/b> <span style=\"font-weight: 400;\">(el incentivo no se aplica cuando se reemplaza un calentador de agua h\u00edbrido el\u00e9ctrico existente).<\/span><\/li>\n<li style=\"text-align: left;\"><span style=\"font-weight: 400;\">Debe estar en la <a href=\"https:\/\/wattsmartsavings.net\/washington-residential\/qualified-products-wa\/wa-heatpumpwaterheaters-qpl\/\">lista de productos calificados<\/a> al momento de la compra. Los calentadores de agua el\u00e9ctricos h\u00edbridos de <b>m\u00e1s de 55 galones no cumplen los requisitos.<\/b><\/span><\/li>\n<li style=\"text-align: left;\"><span style=\"font-weight: 400;\">Si no te autoinstalas, el trabajo debe ser realizado por un contratista de la Red de Proveedores Wattsmart. <a href=\"https:\/\/pacificpowervendor.force.com\/tradeally\/s\/find-vendors\">Busca un contratista cualificado para el programa en la herramienta Buscar un proveedor<\/a>. Los contratistas deben estar en la lista en el momento de la instalaci\u00f3n del equipo. <\/span><\/li>\n<li style=\"text-align: left;\"><span style=\"font-weight: 400;\">Env\u00ede todos los documentos para que se reciban dentro de los 180 d\u00edas posteriores a la fecha de finalizaci\u00f3n del servicio calificado.<\/span><\/li>\n<li style=\"text-align: left;\"><span style=\"font-weight: 400;\">El incentivo no podr\u00e1 exceder los costos del proyecto.<\/span><\/li>\n<li style=\"text-align: left;\"><span style=\"font-weight: 400;\">Los calentadores de agua h\u00edbridos el\u00e9ctricos autoinstalados son elegibles \u00fanicamente para los costos del equipo.<\/span><\/li>\n<li style=\"text-align: left;\"><span style=\"font-weight: 400;\"><a href=\"https:\/\/wattsmartsavings.net\/washington-residential\/find-savings-plumbing-and-water-heating\/heat-pump-water-heaters\/\">Ver m\u00e1s informaci\u00f3n aqu\u00ed.<\/a><\/span><\/li>\n<\/ul>\n<p>[\/et_pb_text][\/et_pb_column][\/et_pb_row][\/et_pb_section][et_pb_section fb_built=\u00bb1&#8243; admin_label=\u00bbSection\u00bb _builder_version=\u00bb4.16&#8243; _module_preset=\u00bbdefault\u00bb background_image=\u00bbhttps:\/\/wattsmartsavings.net\/wp-content\/uploads\/2021\/03\/GettyImages-1144050205-scaled.jpg\u00bb background_position=\u00bbtop_left\u00bb animation_style=\u00bbfade\u00bb global_colors_info=\u00bb{}\u00bb][et_pb_row _builder_version=\u00bb4.16&#8243; _module_preset=\u00bbdefault\u00bb global_colors_info=\u00bb{}\u00bb][et_pb_column type=\u00bb4_4&#8243; _builder_version=\u00bb4.16&#8243; _module_preset=\u00bbdefault\u00bb global_colors_info=\u00bb{}\u00bb][et_pb_text _builder_version=\u00bb4.16&#8243; _module_preset=\u00bbdefault\u00bb text_font=\u00bb|||on|||||\u00bb text_text_color=\u00bb#FFFFFF\u00bb text_font_size=\u00bb48px\u00bb text_line_height=\u00bb1em\u00bb text_orientation=\u00bbcenter\u00bb text_font_tablet=\u00bb\u00bb text_font_phone=\u00bb\u00bb text_font_last_edited=\u00bbon|phone\u00bb text_text_color_tablet=\u00bb\u00bb text_text_color_phone=\u00bb#FFFFFF\u00bb text_text_color_last_edited=\u00bbon|phone\u00bb global_colors_info=\u00bb{}\u00bb]<\/p>\n<p>Empiece a ahorrar<\/p>\n<p>[\/et_pb_text][et_pb_text _builder_version=\u00bb4.16&#8243; _module_preset=\u00bbdefault\u00bb text_text_color=\u00bb#FFFFFF\u00bb text_font_size=\u00bb18px\u00bb background_color=\u00bbRGBA(0,0,0,0)\u00bb text_orientation=\u00bbcenter\u00bb text_font_tablet=\u00bb\u00bb text_font_phone=\u00bb\u00bb text_font_last_edited=\u00bbon|phone\u00bb text_text_color_tablet=\u00bb\u00bb text_text_color_phone=\u00bb#FFFFFF\u00bb text_text_color_last_edited=\u00bbon|desktop\u00bb text_text_shadow_style=\u00bbpreset2&#8243; global_colors_info=\u00bb{}\u00bb]\u00a1Comience hoy mismo reclamando su reembolso de $500 en efectivo para un nuevo calentador de agua h\u00edbrido el\u00e9ctrico![\/et_pb_text][et_pb_button button_url=\u00bb#start-saving\u00bb button_text=\u00bbEmpiece a ahorrar\u00bb button_alignment=\u00bbcenter\u00bb disabled_on=\u00bboff|off|off\u00bb _builder_version=\u00bb4.16&#8243; _module_preset=\u00bbdefault\u00bb custom_button=\u00bbon\u00bb button_text_color=\u00bb#FFFFFF\u00bb button_border_width=\u00bb2px\u00bb button_border_radius=\u00bb1px\u00bb button_font=\u00bb|||on|||||\u00bb animation_style=\u00bbslide\u00bb animation_direction=\u00bbbottom\u00bb global_colors_info=\u00bb{}\u00bb button_bg_color__hover_enabled=\u00bbon|desktop\u00bb button_bg_color__hover=\u00bb\u00bb button_bg_enable_color__hover=\u00bboff\u00bb][\/et_pb_button][\/et_pb_column][\/et_pb_row][\/et_pb_section]<\/p>\n","protected":false},"excerpt":{"rendered":"<p>Ahorros Candentes$900 de reembolso en efectivo\u00a1Adem\u00e1s, podr\u00eda ser elegible para recibir otros $300!*Calentadores de agua h\u00edbridos el\u00e9ctricos(tambi\u00e9n conocidos como calentadores de agua con bomba de calor)Consigue un cup\u00f3n antes de ir para ahorrar $900 instant\u00e1neamente en el momento de la compra.Complete la solicitud posterior a la compra por correo postal o electr\u00f3nicoComplete la solicitud post-compra [&hellip;]<\/p>\n","protected":false},"author":8,"featured_media":0,"parent":15112,"menu_order":0,"comment_status":"closed","ping_status":"closed","template":"","meta":{"_et_pb_use_builder":"on","_et_pb_old_content":"","_et_gb_content_width":"","inline_featured_image":false,"footnotes":""},"class_list":["post-15131","page","type-page","status-publish","hentry"],"_links":{"self":[{"href":"https:\/\/wattsmartsavings.net\/es\/wp-json\/wp\/v2\/pages\/15131","targetHints":{"allow":["GET"]}}],"collection":[{"href":"https:\/\/wattsmartsavings.net\/es\/wp-json\/wp\/v2\/pages"}],"about":[{"href":"https:\/\/wattsmartsavings.net\/es\/wp-json\/wp\/v2\/types\/page"}],"author":[{"embeddable":true,"href":"https:\/\/wattsmartsavings.net\/es\/wp-json\/wp\/v2\/users\/8"}],"replies":[{"embeddable":true,"href":"https:\/\/wattsmartsavings.net\/es\/wp-json\/wp\/v2\/comments?post=15131"}],"version-history":[{"count":2,"href":"https:\/\/wattsmartsavings.net\/es\/wp-json\/wp\/v2\/pages\/15131\/revisions"}],"predecessor-version":[{"id":15133,"href":"https:\/\/wattsmartsavings.net\/es\/wp-json\/wp\/v2\/pages\/15131\/revisions\/15133"}],"up":[{"embeddable":true,"href":"https:\/\/wattsmartsavings.net\/es\/wp-json\/wp\/v2\/pages\/15112"}],"wp:attachment":[{"href":"https:\/\/wattsmartsavings.net\/es\/wp-json\/wp\/v2\/media?parent=15131"}],"curies":[{"name":"wp","href":"https:\/\/api.w.org\/{rel}","templated":true}]}}