{"id":15293,"date":"2019-05-23T23:03:49","date_gmt":"2019-05-23T23:03:49","guid":{"rendered":"https:\/\/wattsmartsavings.net\/residencial-washington\/encuentre-ahorros-calefaccion-y-refrigeracion-wa\/termostato-inteligente-wa\/"},"modified":"2026-04-15T19:21:09","modified_gmt":"2026-04-15T19:21:09","slug":"termostato-inteligente-wa","status":"publish","type":"page","link":"https:\/\/wattsmartsavings.net\/es\/residencial-washington\/encuentre-ahorros-calefaccion-y-refrigeracion-wa\/termostato-inteligente-wa\/","title":{"rendered":"Termostato inteligente &#8211; WA"},"content":{"rendered":"<p>[et_pb_section fb_built=\u00bb1&#8243; disabled_on=\u00bboff|off|off\u00bb admin_label=\u00bbSection\u00bb _builder_version=\u00bb4.16&#8243; custom_padding=\u00bb9px||0px|||\u00bb da_disable_devices=\u00bboff|off|off\u00bb collapsed=\u00bboff\u00bb global_colors_info=\u00bb{}\u00bb da_is_popup=\u00bboff\u00bb da_exit_intent=\u00bboff\u00bb da_has_close=\u00bbon\u00bb da_alt_close=\u00bboff\u00bb da_dark_close=\u00bboff\u00bb da_not_modal=\u00bbon\u00bb da_is_singular=\u00bboff\u00bb da_with_loader=\u00bboff\u00bb da_has_shadow=\u00bbon\u00bb][et_pb_row column_structure=\u00bb1_4,1_4,1_4,1_4&#8243; _builder_version=\u00bb4.27.4&#8243; _module_preset=\u00bbdefault\u00bb global_colors_info=\u00bb{}\u00bb][et_pb_column type=\u00bb1_4&#8243; _builder_version=\u00bb4.27.4&#8243; _module_preset=\u00bbdefault\u00bb global_colors_info=\u00bb{}\u00bb][et_pb_text admin_label=\u00bbText\u00bb _builder_version=\u00bb4.19.5&#8243; text_text_color=\u00bb#919191&#8243; width=\u00bb100%\u00bb custom_margin=\u00bb||0px\u00bb custom_padding=\u00bb||0px\u00bb link_option_url=\u00bbhttps:\/\/wattsmartsavings.net\/washington-residential\/\u00bb z_index_tablet=\u00bb500&#8243; text_text_shadow_horizontal_length_tablet=\u00bb0px\u00bb text_text_shadow_vertical_length_tablet=\u00bb0px\u00bb text_text_shadow_blur_strength_tablet=\u00bb1px\u00bb link_text_shadow_horizontal_length_tablet=\u00bb0px\u00bb link_text_shadow_vertical_length_tablet=\u00bb0px\u00bb link_text_shadow_blur_strength_tablet=\u00bb1px\u00bb ul_text_shadow_horizontal_length_tablet=\u00bb0px\u00bb ul_text_shadow_vertical_length_tablet=\u00bb0px\u00bb ul_text_shadow_blur_strength_tablet=\u00bb1px\u00bb ol_text_shadow_horizontal_length_tablet=\u00bb0px\u00bb ol_text_shadow_vertical_length_tablet=\u00bb0px\u00bb ol_text_shadow_blur_strength_tablet=\u00bb1px\u00bb quote_text_shadow_horizontal_length_tablet=\u00bb0px\u00bb quote_text_shadow_vertical_length_tablet=\u00bb0px\u00bb quote_text_shadow_blur_strength_tablet=\u00bb1px\u00bb header_text_shadow_horizontal_length_tablet=\u00bb0px\u00bb header_text_shadow_vertical_length_tablet=\u00bb0px\u00bb header_text_shadow_blur_strength_tablet=\u00bb1px\u00bb header_2_text_shadow_horizontal_length_tablet=\u00bb0px\u00bb header_2_text_shadow_vertical_length_tablet=\u00bb0px\u00bb header_2_text_shadow_blur_strength_tablet=\u00bb1px\u00bb header_3_text_shadow_horizontal_length_tablet=\u00bb0px\u00bb header_3_text_shadow_vertical_length_tablet=\u00bb0px\u00bb header_3_text_shadow_blur_strength_tablet=\u00bb1px\u00bb header_4_text_shadow_horizontal_length_tablet=\u00bb0px\u00bb header_4_text_shadow_vertical_length_tablet=\u00bb0px\u00bb header_4_text_shadow_blur_strength_tablet=\u00bb1px\u00bb header_5_text_shadow_horizontal_length_tablet=\u00bb0px\u00bb header_5_text_shadow_vertical_length_tablet=\u00bb0px\u00bb header_5_text_shadow_blur_strength_tablet=\u00bb1px\u00bb header_6_text_shadow_horizontal_length_tablet=\u00bb0px\u00bb header_6_text_shadow_vertical_length_tablet=\u00bb0px\u00bb header_6_text_shadow_blur_strength_tablet=\u00bb1px\u00bb box_shadow_horizontal_tablet=\u00bb0px\u00bb box_shadow_vertical_tablet=\u00bb0px\u00bb box_shadow_blur_tablet=\u00bb40px\u00bb box_shadow_spread_tablet=\u00bb0px\u00bb global_colors_info=\u00bb{}\u00bb]<\/p>\n<p style=\"text-align: center;\"><a id=\"subhead-fac-main\" style=\"color: #196fb6;\" href=\"https:\/\/wattsmartsavings.net\/es\/residencial-washington\/\"><strong>ENCONTRAR AHORROS<\/strong><\/a><\/p>\n<p>[\/et_pb_text][\/et_pb_column][et_pb_column type=\u00bb1_4&#8243; _builder_version=\u00bb4.27.4&#8243; _module_preset=\u00bbdefault\u00bb global_colors_info=\u00bb{}\u00bb][et_pb_text _builder_version=\u00bb4.16&#8243; text_font=\u00bb||||||||\u00bb custom_margin=\u00bb||0px|||\u00bb custom_padding=\u00bb||0px\u00bb link_option_url=\u00bb#\u00bb global_colors_info=\u00bb{}\u00bb]<\/p>\n<p style=\"text-align: center;\"><a href=\"https:\/\/pacificpowervendor.force.com\/tradeally\/s\/find-residential-vendor?sector=Residential\" style=\"color: #196fb6;\" id=\"subnav-find-a-contractor-main\" target=\"_blank\" rel=\"noopener noreferrer\"><strong>ENCONTRAR UN CONTRATISTA<\/strong><\/a><\/p>\n<p>[\/et_pb_text][\/et_pb_column][et_pb_column type=\u00bb1_4&#8243; _builder_version=\u00bb4.27.4&#8243; _module_preset=\u00bbdefault\u00bb global_colors_info=\u00bb{}\u00bb][et_pb_text admin_label=\u00bbText\u00bb _builder_version=\u00bb4.16&#8243; custom_margin=\u00bb0px||0px\u00bb custom_padding=\u00bb||0px\u00bb link_option_url=\u00bb#\u00bb global_colors_info=\u00bb{}\u00bb]<\/p>\n<p style=\"text-align: center;\"><a href=\"https:\/\/pacificorpdsmc.traksmart.com\/traksmart4\/html\/pux\/application-search\" style=\"color: #196fb6;\"><strong>ESTADO DE LA SOLICITUD<\/strong><\/a><\/p>\n<p>[\/et_pb_text][\/et_pb_column][et_pb_column type=\u00bb1_4&#8243; _builder_version=\u00bb4.27.4&#8243; _module_preset=\u00bbdefault\u00bb global_colors_info=\u00bb{}\u00bb][et_pb_text _builder_version=\u00bb4.16&#8243; custom_margin=\u00bb||0px\u00bb custom_padding=\u00bb||0px\u00bb link_option_url=\u00bb#\u00bb global_colors_info=\u00bb{}\u00bb]<\/p>\n<p style=\"text-align: center;\"><a href=\"https:\/\/wattsmartsavings.net\/es\/residencial-washington\/preguntas-frecuentes-wa\/\" style=\"color: #196fb6\" id=\"subnav-customer-support\"><strong>ATENCI\u00d3N AL CLIENTE<\/strong><\/a><\/p>\n<p>[\/et_pb_text][\/et_pb_column][\/et_pb_row][et_pb_row _builder_version=\u00bb4.27.4&#8243; _module_preset=\u00bbdefault\u00bb global_colors_info=\u00bb{}\u00bb][et_pb_column type=\u00bb4_4&#8243; _builder_version=\u00bb4.27.4&#8243; _module_preset=\u00bbdefault\u00bb global_colors_info=\u00bb{}\u00bb][et_pb_divider color=\u00bb#D6D6D6&#8243; _builder_version=\u00bb4.27.4&#8243; _module_preset=\u00bbdefault\u00bb custom_margin=\u00bb-24px||||false|false\u00bb global_colors_info=\u00bb{}\u00bb][\/et_pb_divider][\/et_pb_column][\/et_pb_row][\/et_pb_section][et_pb_section fb_built=\u00bb1&#8243; _builder_version=\u00bb4.16&#8243; custom_margin=\u00bb1px|||||\u00bb custom_padding=\u00bb3px|||||\u00bb da_disable_devices=\u00bboff|off|off\u00bb global_colors_info=\u00bb{}\u00bb da_is_popup=\u00bboff\u00bb da_exit_intent=\u00bboff\u00bb da_has_close=\u00bbon\u00bb da_alt_close=\u00bboff\u00bb da_dark_close=\u00bboff\u00bb da_not_modal=\u00bbon\u00bb da_is_singular=\u00bboff\u00bb da_with_loader=\u00bboff\u00bb da_has_shadow=\u00bbon\u00bb][et_pb_row column_structure=\u00bb1_3,2_3&#8243; use_custom_gutter=\u00bbon\u00bb gutter_width=\u00bb1&#8243; padding_top_bottom_link_2=\u00bbtrue\u00bb padding_left_right_link_2=\u00bbtrue\u00bb disabled_on=\u00bboff|off|off\u00bb module_class=\u00bbpa-inline-buttons\u00bb _builder_version=\u00bb4.16&#8243; custom_margin=\u00bb1px|auto|-8px|auto||\u00bb global_colors_info=\u00bb{}\u00bb][et_pb_column type=\u00bb1_3&#8243; _builder_version=\u00bb4.16&#8243; custom_padding=\u00bb|||\u00bb global_colors_info=\u00bb{}\u00bb custom_padding__hover=\u00bb|||\u00bb][et_pb_text disabled_on=\u00bboff|off|off\u00bb _builder_version=\u00bb4.27.4&#8243; text_font=\u00bb||||||||\u00bb text_letter_spacing=\u00bb0.25px\u00bb text_line_height=\u00bb2.2em\u00bb link_text_color=\u00bb#5c5c5c\u00bb header_font=\u00bb||||||||\u00bb header_2_font=\u00bb|800|||||||\u00bb header_2_font_size=\u00bb18px\u00bb width=\u00bb95.5%\u00bb custom_padding=\u00bb22px|0px|22px|0px|true|true\u00bb z_index_tablet=\u00bb500&#8243; text_text_shadow_horizontal_length_tablet=\u00bb0px\u00bb text_text_shadow_vertical_length_tablet=\u00bb0px\u00bb text_text_shadow_blur_strength_tablet=\u00bb1px\u00bb link_text_shadow_horizontal_length_tablet=\u00bb0px\u00bb link_text_shadow_vertical_length_tablet=\u00bb0px\u00bb link_text_shadow_blur_strength_tablet=\u00bb1px\u00bb ul_text_shadow_horizontal_length_tablet=\u00bb0px\u00bb ul_text_shadow_vertical_length_tablet=\u00bb0px\u00bb ul_text_shadow_blur_strength_tablet=\u00bb1px\u00bb ol_text_shadow_horizontal_length_tablet=\u00bb0px\u00bb ol_text_shadow_vertical_length_tablet=\u00bb0px\u00bb ol_text_shadow_blur_strength_tablet=\u00bb1px\u00bb quote_text_shadow_horizontal_length_tablet=\u00bb0px\u00bb quote_text_shadow_vertical_length_tablet=\u00bb0px\u00bb quote_text_shadow_blur_strength_tablet=\u00bb1px\u00bb header_text_shadow_horizontal_length_tablet=\u00bb0px\u00bb header_text_shadow_vertical_length_tablet=\u00bb0px\u00bb header_text_shadow_blur_strength_tablet=\u00bb1px\u00bb header_2_text_shadow_horizontal_length_tablet=\u00bb0px\u00bb header_2_text_shadow_vertical_length_tablet=\u00bb0px\u00bb header_2_text_shadow_blur_strength_tablet=\u00bb1px\u00bb header_3_text_shadow_horizontal_length_tablet=\u00bb0px\u00bb header_3_text_shadow_vertical_length_tablet=\u00bb0px\u00bb header_3_text_shadow_blur_strength_tablet=\u00bb1px\u00bb header_4_text_shadow_horizontal_length_tablet=\u00bb0px\u00bb header_4_text_shadow_vertical_length_tablet=\u00bb0px\u00bb header_4_text_shadow_blur_strength_tablet=\u00bb1px\u00bb header_5_text_shadow_horizontal_length_tablet=\u00bb0px\u00bb header_5_text_shadow_vertical_length_tablet=\u00bb0px\u00bb header_5_text_shadow_blur_strength_tablet=\u00bb1px\u00bb header_6_text_shadow_horizontal_length_tablet=\u00bb0px\u00bb header_6_text_shadow_vertical_length_tablet=\u00bb0px\u00bb header_6_text_shadow_blur_strength_tablet=\u00bb1px\u00bb box_shadow_style=\u00bbpreset1&#8243; box_shadow_blur=\u00bb23px\u00bb box_shadow_spread=\u00bb-1px\u00bb global_colors_info=\u00bb{}\u00bb]<\/p>\n<h2 style=\"padding-left: 20px; padding-bottom: 20px; padding-top: 0px; border-bottom: solid 1px #cdcdcd;\">Calefacci\u00f3n y enfriamiento<\/h2>\n<p style=\"padding-left: 20px; padding-bottom: 7px; padding-top: 7px;\"><a id=\"hoverlinkblue1\" title=\"Electrodom\u00e9sticos - Ahorra\" href=\"https:\/\/wattsmartsavings.net\/washington-residential\/find-savings-heating-and-cooling\/\"><strong>Incentivos para calefacci\u00f3n y refrigeraci\u00f3n<\/strong><\/a><\/p>\n<p style=\"padding-left: 20px; padding-bottom: 7px; padding-top: 7px;\"><strong><a id=\"hoverlinkblue2\" title=\"Calefacci\u00f3n y Refrigeraci\u00f3n - Ahorra\" href=\"https:\/\/wattsmartsavings.net\/washington-residential\/find-savings-heating-and-cooling\/central-air-conditioners\/\">Acondicionadores de aire centrales<\/a><\/strong><\/p>\n<p style=\"padding-left: 20px; padding-bottom: 7px; padding-top: 7px;\"><a href=\"https:\/\/wattsmartsavings.net\/washington-residential\/find-savings-heating-and-cooling\/duct-sealing\/\"><strong>Sellado de conductos<\/strong><\/a><\/p>\n<p style=\"padding-left: 20px; padding-bottom: 7px; padding-top: 7px;\"><a id=\"hoverlinkblue6\" title=\"Termostatos de voltaje de l\u00ednea el\u00e9ctrica\" href=\"https:\/\/wattsmartsavings.net\/washington-residential\/find-savings-heating-and-cooling\/electric-line-voltage-thermostats\/\"><strong>Termostatos conectados a la tensi\u00f3n de la l\u00ednea el\u00e9ctrica<\/strong><\/a><\/p>\n<p style=\"padding-left: 20px; padding-bottom: 7px; padding-top: 7px;\"><a id=\"hoverlinkblue7\" title=\"Enfriadores evaporativos: encuentre ahorros\" href=\"https:\/\/wattsmartsavings.net\/washington-residential\/find-savings-heating-and-cooling\/evaporative-coolers\/\"><strong>Enfriadores evaporativos<\/strong><\/a><\/p>\n<p style=\"padding-left: 20px; padding-bottom: 7px; padding-top: 7px;\"><a id=\"hoverlinkblue8\" title=\"Termostatos inteligentes\" href=\"https:\/\/wattsmartsavings.net\/washington-residential\/find-savings-heating-and-cooling\/heat-pumps-wa\/\"><strong>Bombas de calor<\/strong><\/a><\/p>\n<p style=\"background-color: #d6efff; color: #000; padding-left: 20px; padding-bottom: 7px; padding-top: 7px;\"><b>Termostatos inteligentes<\/b><\/p>\n<p>[\/et_pb_text][\/et_pb_column][et_pb_column type=\u00bb2_3&#8243; _builder_version=\u00bb4.16&#8243; custom_padding=\u00bb0px|51px|0px|51px\u00bb global_colors_info=\u00bb{}\u00bb custom_padding__hover=\u00bb|||\u00bb][et_pb_text _builder_version=\u00bb4.27.4&#8243; header_font=\u00bb||||||||\u00bb header_2_font=\u00bb||||||||\u00bb header_2_font_size=\u00bb29px\u00bb hover_enabled=\u00bb0&#8243; global_colors_info=\u00bb{}\u00bb sticky_enabled=\u00bb0&#8243;]<\/p>\n<h1><strong>Termostatos Inteligentes<\/strong><\/h1>\n<p>[\/et_pb_text][et_pb_image src=\u00bb\/wp-content\/uploads\/2019\/05\/thumbnail_measures_smart_thermostats-e1558650702260.png\u00bb alt=\u00bbBombas de calor para exteriores\u00bb align=\u00bbcenter\u00bb align_tablet=\u00bbcenter\u00bb align_phone=\u00bb\u00bb align_last_edited=\u00bbon|desktop\u00bb _builder_version=\u00bb4.19.4&#8243; width=\u00bb100%\u00bb custom_margin=\u00bb|||||\u00bb custom_padding=\u00bb|||||\u00bb z_index_tablet=\u00bb500&#8243; box_shadow_horizontal_tablet=\u00bb0px\u00bb box_shadow_vertical_tablet=\u00bb0px\u00bb box_shadow_blur_tablet=\u00bb40px\u00bb box_shadow_spread_tablet=\u00bb0px\u00bb global_colors_info=\u00bb{}\u00bb][\/et_pb_image][et_pb_text _builder_version=\u00bb4.19.4&#8243; text_font=\u00bb||||||||\u00bb header_font=\u00bb|700|||||||\u00bb header_text_align=\u00bbcenter\u00bb header_text_color=\u00bb#196fb6&#8243; header_2_font=\u00bb|700|||||||\u00bb header_2_text_align=\u00bbcenter\u00bb header_2_text_color=\u00bb#196fb6&#8243; background_color=\u00bb#f5f5f5&#8243; custom_margin=\u00bb|||||\u00bb custom_padding=\u00bb1vw||0.5vw||false\u00bb global_colors_info=\u00bb{}\u00bb]<\/p>\n<h2>Reciba hasta <strong>$100<\/strong> de reembolso en efectivo<\/h2>\n<p>[\/et_pb_text][et_pb_button button_url=\u00bbhttps:\/\/csapps.pacificpower.net\/secure\/savings-energy-choices\/home-energy-savings\u00bb url_new_window=\u00bbon\u00bb button_text=\u00bbAPPLY ONLINE\u00bb module_id=\u00bbsmart-therm-apply-online-btn\u00bb _builder_version=\u00bb4.27.4&#8243; _module_preset=\u00bbdefault\u00bb custom_button=\u00bbon\u00bb button_text_size=\u00bb18px\u00bb button_text_color=\u00bb#ffffff\u00bb button_bg_color=\u00bb#196fb6&#8243; button_border_width=\u00bb0px\u00bb button_border_radius=\u00bb0px\u00bb button_icon=\u00bb&#x35;||divi||400&#8243; custom_margin=\u00bb5px|8px|5px||true|false\u00bb global_colors_info=\u00bb{}\u00bb][\/et_pb_button][et_pb_button button_url=\u00bbhttps:\/\/wattsmartsavings.net\/wp-content\/uploads\/PP25-32_WA-HES_SMART_THERM_App_V2.pdf\u00bb url_new_window=\u00bbon\u00bb button_text=\u00bbAPPLY BY MAIL\u00bb module_id=\u00bbsmart-therm-apply-by-mail-btn\u00bb _builder_version=\u00bb4.27.4&#8243; _module_preset=\u00bbdefault\u00bb custom_button=\u00bbon\u00bb button_text_size=\u00bb18px\u00bb button_text_color=\u00bb#ffffff\u00bb button_bg_color=\u00bb#196fb6&#8243; button_border_width=\u00bb0px\u00bb button_border_radius=\u00bb0px\u00bb button_icon=\u00bb&#x35;||divi||400&#8243; custom_margin=\u00bb|8px|||false|false\u00bb global_colors_info=\u00bb{}\u00bb][\/et_pb_button][\/et_pb_column][\/et_pb_row][et_pb_row _builder_version=\u00bb4.16&#8243; _module_preset=\u00bbdefault\u00bb global_colors_info=\u00bb{}\u00bb][et_pb_column type=\u00bb4_4&#8243; _builder_version=\u00bb4.16&#8243; _module_preset=\u00bbdefault\u00bb global_colors_info=\u00bb{}\u00bb][et_pb_text _builder_version=\u00bb4.27.4&#8243; text_font=\u00bb||||||||\u00bb text_font_size=\u00bb14.6px\u00bb global_colors_info=\u00bb{}\u00bb]<\/p>\n<h3><span style=\"font-size: large;\"><strong>Controla tus gastos de calefacci\u00f3n y refrigeraci\u00f3n<\/strong><\/span><\/h3>\n<p>\u00daltimamente, parece que todo el mundo habla de hacer sus casas m\u00e1s inteligentes, y tiene todo el sentido. Cuanto m\u00e1s inteligente (o Wattsmarter) sea tu casa, m\u00e1s energ\u00eda y dinero ahorrar\u00e1s. Instalar un termostato inteligente es una forma estupenda de dar ese paso.  <\/p>\n<p>Los termostatos inteligentes te dan un control sin precedentes de tu sistema de calefacci\u00f3n y refrigeraci\u00f3n y se adaptan para que el sistema sea lo m\u00e1s eficiente posible, aumentando el confort a la vez que te ahorran m\u00e1s en costes energ\u00e9ticos. Puedes controlar el termostato a distancia, precalentar o enfriar tu casa justo antes de llegar, aplicar ajustes de vacaciones e incluso recibir informaci\u00f3n personalizada sobre el consumo de energ\u00eda. \u00a1Consulta nuestra <a href=\"https:\/\/wattsmartsavings.net\/coupon\/\" target=\"_blank\" rel=\"noopener\">p\u00e1gina de cupones<\/a> para ver m\u00e1s descuentos!  <\/p>\n<p>[\/et_pb_text][et_pb_tabs active_tab_background_color=\u00bb#196fb6&#8243; active_tab_text_color=\u00bb#ffffff\u00bb _builder_version=\u00bb4.27.4&#8243; _module_preset=\u00bbdefault\u00bb tab_font_size=\u00bb16px\u00bb global_colors_info=\u00bb{}\u00bb][et_pb_tab title=\u00bbCualificaciones e incentivos\u00bb _builder_version=\u00bb4.27.4&#8243; _module_preset=\u00bbdefault\u00bb global_colors_info=\u00bb{}\u00bb]<\/p>\n<table style=\"height: 70px; width: 988px; border: 2px solid black; margin-left: auto; margin-right: auto;\">\n<tbody>\n<tr style=\"background-color: #eee; border: 2px solid;\">\n<th style=\"border: 2px solid black; height: 24px; width: 279.888px; text-align: center;\" scope=\"col\">Equipo<\/th>\n<th style=\"border: 2px solid; height: 24px; width: 350.462px; text-align: center;\" scope=\"col\">Incentivo al cliente<\/th>\n<th style=\"border: 2px solid; width: 332.45px; height: 24px; text-align: center;\"><strong>Incentivo<\/strong> para aliados comerciales<\/th>\n<\/tr>\n<tr style=\"height: 24px;\">\n<td style=\"border: 2px solid black; height: 24px; width: 279.888px; text-align: center;\">Termostato inteligente<\/td>\n<td style=\"border: 2px solid; height: 24px; width: 350.462px; text-align: center;\">$100<\/td>\n<td style=\"border: 2px solid; width: 332.45px; height: 24px; text-align: center;\">&#8211;<\/td>\n<\/tr>\n<\/tbody>\n<\/table>\n<h4><\/h4>\n<h4><b>Aseg\u00farate de que la vivienda cumple los requisitos<\/b><\/h4>\n<ul>\n<li>Pueden acogerse al programa los clientes residenciales de electricidad residentes en el estado de Washington que compren electricidad a Pacific Power con las tarifas 16, 17 y 19. Tambi\u00e9n pueden acogerse a este programa los propietarios de viviendas de alquiler a las que la empresa preste servicio en el estado de Washington y en las que se facture al inquilino con las tarifas 16, 17 y 19. Puede encontrar su lista de tarifas en su factura o llamando al 1-888-221-7070. Los cheques de incentivo solo se emiten a nombre del titular de la cuenta de Pacific Power.<\/li>\n<li>Debe instalarse dentro de una casa unifamiliar, <a href=\"https:\/\/wattsmartsavings.net\/washington-residential\/find-savings-manufactured-homes\/manufactured-homes-smart-thermostat\/\" target=\"_blank\" rel=\"noopener\">prefabricada<\/a> o <a href=\"https:\/\/wattsmartsavings.net\/?page_id=11427&#038;et_fb=1&#038;PageSpeed=off\" target=\"_blank\" rel=\"noopener\">multifamiliar<\/a> existente. Las construcciones nuevas no son elegibles.<\/li>\n<li>La fuente principal de calor de la casa debe ser una bomba de calor canalizada o un horno el\u00e9ctrico de aire forzado.<\/li>\n<li>La vivienda no re\u00fane los requisitos si ha recibido un incentivo Wattsmart\u00ae por la instalaci\u00f3n o mejora de una nueva bomba de calor en los \u00faltimos 5 a\u00f1os.<\/li>\n<\/ul>\n<h4><strong><\/strong><\/h4>\n<h4><strong><\/strong><\/h4>\n<h4><strong>Aseg\u00farate de que el producto cumple los requisitos<\/strong><\/h4>\n<ul>\n<li aria-setsize=\"-1\" data-leveltext=\"\uf0b7\" data-font=\"Symbol\" data-listid=\"8\" data-list-defn-props=\"{\" 335552541=\"\" :1=\"\" 335559685=\"\" :720=\"\" 335559991=\"\" :360=\"\" 469769226=\"\" :=\"\" symbol=\"\" 469769242=\"\" 8226=\"\" 469777803=\"\" left=\"\" 469777804=\"\" 469777815=\"\" multilevel=\"\" data-aria-posinset=\"1\" data-aria-level=\"1\"><span data-contrast=\"auto\">El termostato inteligente debe tener la certificaci\u00f3n ENERGY STAR\u00ae e incluir un sensor de ocupaci\u00f3n integrado o estar empaquetado con un sensor de ocupaci\u00f3n. La geovalla no se considera sensor de ocupaci\u00f3n. <\/span><span data-ccp-props=\"{}\"> <\/span><\/li>\n<\/ul>\n<ul>\n<li aria-setsize=\"-1\" data-leveltext=\"\uf0b7\" data-font=\"Symbol\" data-listid=\"8\" data-list-defn-props=\"{\" 335552541=\"\" :1=\"\" 335559685=\"\" :720=\"\" 335559991=\"\" :360=\"\" 469769226=\"\" :=\"\" symbol=\"\" 469769242=\"\" 8226=\"\" 469777803=\"\" left=\"\" 469777804=\"\" 469777815=\"\" multilevel=\"\" data-aria-posinset=\"2\" data-aria-level=\"1\"><span data-contrast=\"auto\">El sensor de ocupaci\u00f3n debe estar habilitado.<\/span><span data-ccp-props=\"{}\"> <\/span><\/li>\n<\/ul>\n<ul>\n<li aria-setsize=\"-1\" data-leveltext=\"\uf0b7\" data-font=\"Symbol\" data-listid=\"8\" data-list-defn-props=\"{\" 335552541=\"\" :1=\"\" 335559685=\"\" :720=\"\" 335559991=\"\" :360=\"\" 469769226=\"\" :=\"\" symbol=\"\" 469769242=\"\" 8226=\"\" 469777803=\"\" left=\"\" 469777804=\"\" 469777815=\"\" multilevel=\"\" data-aria-posinset=\"3\" data-aria-level=\"1\"><span data-contrast=\"auto\">El termostato inteligente debe ser nuevo y no de segunda mano.<\/span><span data-ccp-props=\"{}\"> <\/span><\/li>\n<\/ul>\n<ul>\n<li aria-setsize=\"-1\" data-leveltext=\"\uf0b7\" data-font=\"Symbol\" data-listid=\"8\" data-list-defn-props=\"{\" 335552541=\"\" :1=\"\" 335559685=\"\" :720=\"\" 335559991=\"\" :360=\"\" 469769226=\"\" :=\"\" symbol=\"\" 469769242=\"\" 8226=\"\" 469777803=\"\" left=\"\" 469777804=\"\" 469777815=\"\" multilevel=\"\" data-aria-posinset=\"4\" data-aria-level=\"1\"><span data-contrast=\"auto\">Los productos que cumplen los requisitos se pueden encontrar consultando la <\/span><a href=\"https:\/\/www.energystar.gov\/productfinder\/product\/certified-connected-thermostats\/results\"><span data-contrast=\"none\">Lista de productos de termostatos inteligentes ENERGY STAR<\/span><\/a>\u00a0<span data-contrast=\"auto\">y filtrando por productos con sensores de ocupaci\u00f3n.<\/span><span data-ccp-props=\"{}\"> <\/span><\/li>\n<\/ul>\n<ul><\/ul>\n<h4><strong><\/strong><\/h4>\n<h4><strong><\/strong><\/h4>\n<h4><strong>Requisitos adicionales del programa<\/strong><\/h4>\n<ul>\n<li><span data-contrast=\"auto\" xml:lang=\"EN-US\" lang=\"EN-US\" class=\"TextRun SCXW222617557 BCX8\"><span class=\"NormalTextRun SCXW222617557 BCX8\">Solicitud<\/span><span class=\"NormalTextRun SCXW222617557 BCX8\"><span> <\/span>y documentos justificativos<\/span><span class=\"NormalTextRun SCXW222617557 BCX8\"><span> <\/span>debe ser<span> <\/span><\/span><span class=\"NormalTextRun SCXW222617557 BCX8\">enviado<\/span><span class=\"NormalTextRun SCXW222617557 BCX8\"><span> <\/span>en<span> <\/span><\/span> <span class=\"NormalTextRun SCXW222617557 BCX8\">180 d\u00edas<\/span><span class=\"NormalTextRun SCXW222617557 BCX8\"><span> <\/span>de<span> <\/span><\/span> <span class=\"NormalTextRun SCXW222617557 BCX8\">la compra de<\/span><span class=\"NormalTextRun SCXW222617557 BCX8\"><span> <\/span>tu nuevo producto energ\u00e9ticamente eficiente.<\/span> <\/span><span class=\"EOP SCXW222617557 BCX8\" data-ccp-props=\"{}\"> <\/span><\/li>\n<li>El incentivo no podr\u00e1 exceder el costo total del proyecto.<\/li>\n<li>Por favor, espere seis semanas m\u00e1s el tiempo del servicio postal para la entrega de su cheque de incentivo despu\u00e9s de que recibamos su solicitud aprobada y el recibo.<\/li>\n<\/ul>\n<h4><strong><\/strong><\/h4>\n<h4><strong><\/strong><\/h4>\n<h4><strong>Documentos requeridos<\/strong><\/h4>\n<ul>\n<li>Solicitud de Incentivo, cumplimentada y firmada, si la env\u00edas por correo, haz copias para tus archivos y anota la fecha de env\u00edo en la solicitud.<\/li>\n<li>Recibo desglosado:<\/li>\n<\/ul>\n<p style=\"padding-left: 40px;\">&#8211; Fecha de inicio del trabajo<br \/>&#8211; Fecha de finalizaci\u00f3n del trabajo<br \/>&#8211; Nombre comercial del minorista y\/o aliado comercial<br \/>&#8211; Costes del producto y\/o de la instalaci\u00f3n (materiales, mano de obra, servicio)<br \/>&#8211; N\u00fameros de modelo<\/p>\n<ul>\n<li><a href=\"https:\/\/wattsmartsavings.net\/wp-content\/uploads\/2025_Third-Party-Addendum_v2-1.pdf\">Anexo de pago de terceros<\/a> para solicitantes que deseen reenviar el pago a un tercero que no figura en la cuenta de servicios p\u00fablicos.<\/li>\n<li><a href=\"https:\/\/www.irs.gov\/pub\/irs-pdf\/fw9.pdf\">Formulario W-9 del IRS<\/a>, para cualquier empresa y cliente no particular, incluidos los arrendadores, que soliciten incentivos.<\/li>\n<\/ul>\n<p>&nbsp;<\/p>\n<p>Los incentivos est\u00e1n asociados a la presentaci\u00f3n de tarifas del programa Wattsmart\u00ae Homes del 1 de enero de 2026, aprobada por la Comisi\u00f3n de Servicios P\u00fablicos y Transporte de Washington. Todos los incentivos est\u00e1n sujetos a cambios con 45 d\u00edas de aviso. Pueden aplicarse T\u00e9rminos y Condiciones adicionales.<\/p>\n<p>[\/et_pb_tab][\/et_pb_tabs][\/et_pb_column][\/et_pb_row][\/et_pb_section]<\/p>\n","protected":false},"excerpt":{"rendered":"<p>ENCONTRAR AHORROSENCONTRAR UN CONTRATISTAESTADO DE LA SOLICITUDATENCI\u00d3N AL CLIENTECalefacci\u00f3n y enfriamiento Incentivos para calefacci\u00f3n y refrigeraci\u00f3n Acondicionadores de aire centrales Sellado de conductos Termostatos conectados a la tensi\u00f3n de la l\u00ednea el\u00e9ctrica Enfriadores evaporativos Bombas de calor Termostatos inteligentesTermostatos InteligentesReciba hasta $100 de reembolso en efectivoControla tus gastos de calefacci\u00f3n y refrigeraci\u00f3n \u00daltimamente, parece que [&hellip;]<\/p>\n","protected":false},"author":13,"featured_media":0,"parent":15149,"menu_order":0,"comment_status":"closed","ping_status":"closed","template":"","meta":{"_et_pb_use_builder":"on","_et_pb_old_content":"","_et_gb_content_width":"","inline_featured_image":false,"footnotes":""},"class_list":["post-15293","page","type-page","status-publish","hentry"],"_links":{"self":[{"href":"https:\/\/wattsmartsavings.net\/es\/wp-json\/wp\/v2\/pages\/15293","targetHints":{"allow":["GET"]}}],"collection":[{"href":"https:\/\/wattsmartsavings.net\/es\/wp-json\/wp\/v2\/pages"}],"about":[{"href":"https:\/\/wattsmartsavings.net\/es\/wp-json\/wp\/v2\/types\/page"}],"author":[{"embeddable":true,"href":"https:\/\/wattsmartsavings.net\/es\/wp-json\/wp\/v2\/users\/13"}],"replies":[{"embeddable":true,"href":"https:\/\/wattsmartsavings.net\/es\/wp-json\/wp\/v2\/comments?post=15293"}],"version-history":[{"count":20,"href":"https:\/\/wattsmartsavings.net\/es\/wp-json\/wp\/v2\/pages\/15293\/revisions"}],"predecessor-version":[{"id":18760,"href":"https:\/\/wattsmartsavings.net\/es\/wp-json\/wp\/v2\/pages\/15293\/revisions\/18760"}],"up":[{"embeddable":true,"href":"https:\/\/wattsmartsavings.net\/es\/wp-json\/wp\/v2\/pages\/15149"}],"wp:attachment":[{"href":"https:\/\/wattsmartsavings.net\/es\/wp-json\/wp\/v2\/media?parent=15293"}],"curies":[{"name":"wp","href":"https:\/\/api.w.org\/{rel}","templated":true}]}}