{"id":17294,"date":"2025-10-06T20:16:27","date_gmt":"2025-10-06T20:16:27","guid":{"rendered":"https:\/\/wattsmartsavings.net\/sellado-de-conductos-di-para-viviendas-unifamiliaress\/"},"modified":"2026-04-15T17:50:29","modified_gmt":"2026-04-15T17:50:29","slug":"sellado-de-conductos-di-para-viviendas-unifamiliaress","status":"publish","type":"page","link":"https:\/\/wattsmartsavings.net\/es\/sellado-de-conductos-di-para-viviendas-unifamiliaress\/","title":{"rendered":"Sellado de conductos DI para viviendas unifamiliaress"},"content":{"rendered":"<p>[et_pb_section fb_built=\u00bb1&#8243; disabled_on=\u00bboff|off|off\u00bb admin_label=\u00bbSection\u00bb _builder_version=\u00bb4.16&#8243; custom_padding=\u00bb9px||0px|||\u00bb da_disable_devices=\u00bboff|off|off\u00bb collapsed=\u00bboff\u00bb global_colors_info=\u00bb{}\u00bb da_is_popup=\u00bboff\u00bb da_exit_intent=\u00bboff\u00bb da_has_close=\u00bbon\u00bb da_alt_close=\u00bboff\u00bb da_dark_close=\u00bboff\u00bb da_not_modal=\u00bbon\u00bb da_is_singular=\u00bboff\u00bb da_with_loader=\u00bboff\u00bb da_has_shadow=\u00bbon\u00bb][et_pb_row column_structure=\u00bb1_4,1_4,1_4,1_4&#8243; _builder_version=\u00bb4.27.4&#8243; _module_preset=\u00bbdefault\u00bb global_colors_info=\u00bb{}\u00bb][et_pb_column type=\u00bb1_4&#8243; _builder_version=\u00bb4.27.4&#8243; _module_preset=\u00bbdefault\u00bb global_colors_info=\u00bb{}\u00bb][et_pb_text admin_label=\u00bbText\u00bb _builder_version=\u00bb4.19.5&#8243; text_text_color=\u00bb#919191&#8243; width=\u00bb100%\u00bb custom_margin=\u00bb||0px\u00bb custom_padding=\u00bb||0px\u00bb link_option_url=\u00bbhttps:\/\/wattsmartsavings.net\/washington-residential\/\u00bb z_index_tablet=\u00bb500&#8243; text_text_shadow_horizontal_length_tablet=\u00bb0px\u00bb text_text_shadow_vertical_length_tablet=\u00bb0px\u00bb text_text_shadow_blur_strength_tablet=\u00bb1px\u00bb link_text_shadow_horizontal_length_tablet=\u00bb0px\u00bb link_text_shadow_vertical_length_tablet=\u00bb0px\u00bb link_text_shadow_blur_strength_tablet=\u00bb1px\u00bb ul_text_shadow_horizontal_length_tablet=\u00bb0px\u00bb ul_text_shadow_vertical_length_tablet=\u00bb0px\u00bb ul_text_shadow_blur_strength_tablet=\u00bb1px\u00bb ol_text_shadow_horizontal_length_tablet=\u00bb0px\u00bb ol_text_shadow_vertical_length_tablet=\u00bb0px\u00bb ol_text_shadow_blur_strength_tablet=\u00bb1px\u00bb quote_text_shadow_horizontal_length_tablet=\u00bb0px\u00bb quote_text_shadow_vertical_length_tablet=\u00bb0px\u00bb quote_text_shadow_blur_strength_tablet=\u00bb1px\u00bb header_text_shadow_horizontal_length_tablet=\u00bb0px\u00bb header_text_shadow_vertical_length_tablet=\u00bb0px\u00bb header_text_shadow_blur_strength_tablet=\u00bb1px\u00bb header_2_text_shadow_horizontal_length_tablet=\u00bb0px\u00bb header_2_text_shadow_vertical_length_tablet=\u00bb0px\u00bb header_2_text_shadow_blur_strength_tablet=\u00bb1px\u00bb header_3_text_shadow_horizontal_length_tablet=\u00bb0px\u00bb header_3_text_shadow_vertical_length_tablet=\u00bb0px\u00bb header_3_text_shadow_blur_strength_tablet=\u00bb1px\u00bb header_4_text_shadow_horizontal_length_tablet=\u00bb0px\u00bb header_4_text_shadow_vertical_length_tablet=\u00bb0px\u00bb header_4_text_shadow_blur_strength_tablet=\u00bb1px\u00bb header_5_text_shadow_horizontal_length_tablet=\u00bb0px\u00bb header_5_text_shadow_vertical_length_tablet=\u00bb0px\u00bb header_5_text_shadow_blur_strength_tablet=\u00bb1px\u00bb header_6_text_shadow_horizontal_length_tablet=\u00bb0px\u00bb header_6_text_shadow_vertical_length_tablet=\u00bb0px\u00bb header_6_text_shadow_blur_strength_tablet=\u00bb1px\u00bb box_shadow_horizontal_tablet=\u00bb0px\u00bb box_shadow_vertical_tablet=\u00bb0px\u00bb box_shadow_blur_tablet=\u00bb40px\u00bb box_shadow_spread_tablet=\u00bb0px\u00bb global_colors_info=\u00bb{}\u00bb]<\/p>\n<p style=\"text-align: center;\"><a id=\"subhead-fac-main\" style=\"color: #196fb6;\" href=\"https:\/\/wattsmartsavings.net\/es\/residencial-washington\/\"><strong>ENCONTRAR AHORROS<\/strong><\/a><\/p>\n<p>[\/et_pb_text][\/et_pb_column][et_pb_column type=\u00bb1_4&#8243; _builder_version=\u00bb4.27.4&#8243; _module_preset=\u00bbdefault\u00bb global_colors_info=\u00bb{}\u00bb][et_pb_text _builder_version=\u00bb4.16&#8243; text_font=\u00bb||||||||\u00bb custom_margin=\u00bb||0px|||\u00bb custom_padding=\u00bb||0px\u00bb link_option_url=\u00bb#\u00bb global_colors_info=\u00bb{}\u00bb]<\/p>\n<p style=\"text-align: center;\"><a href=\"https:\/\/pacificpowervendor.force.com\/tradeally\/s\/find-residential-vendor?sector=Residential\" style=\"color: #196fb6;\" id=\"subnav-find-a-contractor-main\" target=\"_blank\" rel=\"noopener noreferrer\"><strong>ENCONTRAR UN CONTRATISTA<\/strong><\/a><\/p>\n<p>[\/et_pb_text][\/et_pb_column][et_pb_column type=\u00bb1_4&#8243; _builder_version=\u00bb4.27.4&#8243; _module_preset=\u00bbdefault\u00bb global_colors_info=\u00bb{}\u00bb][et_pb_text admin_label=\u00bbText\u00bb _builder_version=\u00bb4.16&#8243; custom_margin=\u00bb0px||0px\u00bb custom_padding=\u00bb||0px\u00bb link_option_url=\u00bb#\u00bb global_colors_info=\u00bb{}\u00bb]<\/p>\n<p style=\"text-align: center;\"><a href=\"https:\/\/pacificorpdsmc.traksmart.com\/traksmart4\/html\/pux\/application-search\" style=\"color: #196fb6;\"><strong>ESTADO DE LA SOLICITUD<\/strong><\/a><\/p>\n<p>[\/et_pb_text][\/et_pb_column][et_pb_column type=\u00bb1_4&#8243; _builder_version=\u00bb4.27.4&#8243; _module_preset=\u00bbdefault\u00bb global_colors_info=\u00bb{}\u00bb][et_pb_text _builder_version=\u00bb4.16&#8243; custom_margin=\u00bb||0px\u00bb custom_padding=\u00bb||0px\u00bb link_option_url=\u00bb#\u00bb global_colors_info=\u00bb{}\u00bb]<\/p>\n<p style=\"text-align: center;\"><a href=\"https:\/\/wattsmartsavings.net\/es\/residencial-washington\/preguntas-frecuentes-wa\/\" style=\"color: #196fb6\" id=\"subnav-customer-support\"><strong>ATENCI\u00d3N AL CLIENTE<\/strong><\/a><\/p>\n<p>[\/et_pb_text][\/et_pb_column][\/et_pb_row][et_pb_row _builder_version=\u00bb4.27.4&#8243; _module_preset=\u00bbdefault\u00bb global_colors_info=\u00bb{}\u00bb][et_pb_column type=\u00bb4_4&#8243; _builder_version=\u00bb4.27.4&#8243; _module_preset=\u00bbdefault\u00bb global_colors_info=\u00bb{}\u00bb][et_pb_divider color=\u00bb#D6D6D6&#8243; _builder_version=\u00bb4.27.4&#8243; _module_preset=\u00bbdefault\u00bb custom_margin=\u00bb-24px||||false|false\u00bb global_colors_info=\u00bb{}\u00bb][\/et_pb_divider][\/et_pb_column][\/et_pb_row][\/et_pb_section][et_pb_section fb_built=\u00bb1&#8243; _builder_version=\u00bb4.23.4&#8243; custom_margin=\u00bb1px|||||\u00bb custom_padding=\u00bb3px||24px|||\u00bb da_disable_devices=\u00bboff|off|off\u00bb global_colors_info=\u00bb{}\u00bb da_is_popup=\u00bboff\u00bb da_exit_intent=\u00bboff\u00bb da_has_close=\u00bbon\u00bb da_alt_close=\u00bboff\u00bb da_dark_close=\u00bboff\u00bb da_not_modal=\u00bbon\u00bb da_is_singular=\u00bboff\u00bb da_with_loader=\u00bboff\u00bb da_has_shadow=\u00bbon\u00bb][et_pb_row use_custom_gutter=\u00bbon\u00bb gutter_width=\u00bb1&#8243; padding_top_bottom_link_2=\u00bbtrue\u00bb padding_left_right_link_2=\u00bbtrue\u00bb disabled_on=\u00bbon|on|off\u00bb module_class=\u00bbpa-inline-buttons\u00bb _builder_version=\u00bb4.16&#8243; custom_margin=\u00bb1px|auto|-8px|auto||\u00bb global_colors_info=\u00bb{}\u00bb][et_pb_column type=\u00bb4_4&#8243; _builder_version=\u00bb4.16&#8243; custom_padding=\u00bb|||\u00bb global_colors_info=\u00bb{}\u00bb custom_padding__hover=\u00bb|||\u00bb][et_pb_text _builder_version=\u00bb4.27.4&#8243; header_font=\u00bb||||||||\u00bb header_2_font=\u00bb||||||||\u00bb header_2_font_size=\u00bb29px\u00bb global_colors_info=\u00bb{}\u00bb]<\/p>\n<h1 style=\"text-align: center;\"><strong>Inspecci\u00f3n y sellado gratuitos de conductos<\/strong><\/h1>\n<p>[\/et_pb_text][et_pb_image src=\u00bbhttps:\/\/wattsmartsavings.net\/wp-content\/uploads\/2019\/05\/thumbnail_measures_duct_sealing_duct_insulation.png\u00bb align=\u00bbcenter\u00bb align_tablet=\u00bbcenter\u00bb align_phone=\u00bb\u00bb align_last_edited=\u00bbon|desktop\u00bb _builder_version=\u00bb4.16&#8243; width=\u00bb100%\u00bb min_height=\u00bb484.8px\u00bb custom_margin=\u00bb|||||\u00bb custom_padding=\u00bb|||||\u00bb z_index_tablet=\u00bb500&#8243; global_colors_info=\u00bb{}\u00bb][\/et_pb_image][et_pb_text _builder_version=\u00bb4.27.4&#8243; text_font=\u00bb||||||||\u00bb header_font=\u00bb|700|||||||\u00bb header_text_align=\u00bbcenter\u00bb header_text_color=\u00bb#196fb6&#8243; header_2_font=\u00bb|700|||||||\u00bb header_2_text_align=\u00bbcenter\u00bb header_2_text_color=\u00bb#196fb6&#8243; background_color=\u00bb#f5f5f5&#8243; min_height=\u00bb54px\u00bb custom_margin=\u00bb|||||\u00bb custom_padding=\u00bb1vw||0.5vw||false\u00bb global_colors_info=\u00bb{}\u00bb]<\/p>\n<h2>Claramente la mejor oferta en mantenimiento de la calidad del aire<\/h2>\n<p>[\/et_pb_text][\/et_pb_column][\/et_pb_row][et_pb_row _builder_version=\u00bb4.16&#8243; _module_preset=\u00bbdefault\u00bb min_height=\u00bb136.1px\u00bb custom_margin=\u00bb-12px|auto|2px|auto||\u00bb custom_padding=\u00bb||0px|||\u00bb global_colors_info=\u00bb{}\u00bb][et_pb_column type=\u00bb4_4&#8243; _builder_version=\u00bb4.16&#8243; _module_preset=\u00bbdefault\u00bb global_colors_info=\u00bb{}\u00bb][et_pb_text _builder_version=\u00bb4.27.4&#8243; _module_preset=\u00bbdefault\u00bb global_colors_info=\u00bb{}\u00bb]<\/p>\n<p>Muchos propietarios no tienen en cuenta la calidad del aire interior hasta que surgen problemas evidentes. Las fugas no detectadas en los conductos pueden aumentar tus facturas de energ\u00eda en m\u00e1s de 150 $ al a\u00f1o. <\/p>\n<p>El programa Wattsmart\u00ae Homes de Pacific Power puede ayudar a los clientes residenciales de Washington a reducir sus gastos energ\u00e9ticos.<\/p>\n<p>Durante un tiempo limitado, nuestro aliado comercial cualificado Nelsen Efficiency, LLC, ofrece <strong>inspecciones gratuitas de conductos y servicios de sellado<\/strong> a los clientes de viviendas unifamiliares y prefabricadas que cumplan los requisitos. Eso significa que puedes cambiar a un sistema de calefacci\u00f3n, ventilaci\u00f3n y aire acondicionado (HVAC) m\u00e1s eficiente sin coste alguno, mientras disfrutas de un aire m\u00e1s limpio y sano. <\/p>\n<p>[\/et_pb_text][et_pb_heading title=\u00bb\u00a1Pide cita hoy mismo!\u00bb _builder_version=\u00bb4.27.4&#8243; _module_preset=\u00bbdefault\u00bb title_level=\u00bbh2&#8243; title_font=\u00bb|700|||||||\u00bb title_text_align=\u00bbcenter\u00bb title_text_color=\u00bb#000000&#8243; title_font_size=\u00bb27px\u00bb global_colors_info=\u00bb{}\u00bb][\/et_pb_heading][et_pb_button button_url=\u00bbtel:2062452485&#8243; button_text=\u00bbCall 206-245-2485&#8243; button_alignment=\u00bbcenter\u00bb _builder_version=\u00bb4.27.4&#8243; _module_preset=\u00bbdefault\u00bb custom_button=\u00bbon\u00bb button_text_size=\u00bb22px\u00bb button_text_color=\u00bb#FFFFFF\u00bb button_bg_color=\u00bb#196FB6&#8243; button_font=\u00bb|700|||||||\u00bb button_icon=\u00bb&#xf879;||fa||900&#8243; button_icon_placement=\u00bbleft\u00bb button_on_hover=\u00bboff\u00bb global_colors_info=\u00bb{}\u00bb][\/et_pb_button][et_pb_text _builder_version=\u00bb4.27.4&#8243; _module_preset=\u00bbdefault\u00bb global_colors_info=\u00bb{}\u00bb]<\/p>\n<p><strong>Nelsen<\/strong> Efficiency participa en el programa Wattsmart\u00ae Homes de Pacific Power para realizar trabajos en tu zona. Si cumples los requisitos que se indican a continuaci\u00f3n, <strong>ponte en contacto con Nelsen Efficiency para solicitar una cita.<\/strong> <\/p>\n<p><span style=\"text-decoration: underline;\"><strong><span style=\"font-size: large; color: #000000; text-decoration: underline;\">Comprueba si cumples los requisitos<\/span><\/strong><\/span><\/p>\n<p style=\"padding-left: 40px;\"><span style=\"color: #6cc24a;\">\u2611<\/span> Eres cliente residencial de Pacific Power.<br \/><span style=\"color: #6cc24a;\">\u2611<\/span> Vives en una vivienda unifamiliar o prefabricada.<br \/><span style=\"color: #6cc24a;\">\u2611<\/span> Tienes calefacci\u00f3n el\u00e9ctrica por conductos que da servicio al menos al 80% de la superficie habitable acondicionada de tu vivienda.<br \/><span style=\"color: #6cc24a;\">\u2611<\/span> Tus conductos est\u00e1n en un \u00e1tico o en un semis\u00f3tano.<br \/><span style=\"color: #ad0d0d;\">\u2612<\/span><strong> La calefacci\u00f3n de gas NO cumple los requisitos.<\/strong><\/p>\n<p style=\"padding-left: 40px;\"><span style=\"font-size: medium; color: #000000;\"><strong><em><\/em><\/strong><\/span><\/p>\n<p><span style=\"text-decoration: underline;\"><strong><span style=\"font-size: large; color: #000000; text-decoration: underline;\">Los servicios GRATUITOS incluyen<\/span><\/strong><\/span><\/p>\n<ul>\n<li>Comprobar el rendimiento y las fugas de tus conductos<\/li>\n<li>Sellado de fugas de aire en tus conductos<\/li>\n<li>Sellado de conductos y conexiones transversales, y sustituci\u00f3n si es necesario<br \/><span style=\"text-decoration: underline;\"><strong><span style=\"font-size: large; color: #000000; text-decoration: underline;\"><\/span><\/strong><\/span><\/li>\n<\/ul>\n<p>[\/et_pb_text][et_pb_text _builder_version=\u00bb4.27.4&#8243; _module_preset=\u00bbdefault\u00bb custom_margin=\u00bb||||true\u00bb custom_padding=\u00bb17px|8px|17px|8px|true|true\u00bb border_radii=\u00bbon|2px|2px|2px|2px\u00bb border_width_all=\u00bb2px\u00bb border_color_all=\u00bb#196FB6&#8243; global_colors_info=\u00bb{}\u00bb]<\/p>\n<p><span style=\"text-decoration: underline;\"><strong><span style=\"font-size: large; color: #000000; text-decoration: underline;\">Beneficios<\/span><\/strong><\/span><\/p>\n<p style=\"padding-left: 40px;\">Sellar los conductos puede reducir el consumo de energ\u00eda hasta <a href=\"https:\/\/www.energystar.gov\/saveathome\/heating-cooling\/duct-sealing\/benefits\">un 20%.<\/a><\/p>\n<p style=\"padding-left: 40px;\">Reparar las fugas en los conductos puede impedir la entrada de contaminantes y al\u00e9rgenos, haciendo que tu aire sea m\u00e1s limpio y sano.<\/p>\n<p style=\"padding-left: 40px;\">Unos conductos bien mantenidos pueden hacer que tu casa sea m\u00e1s confortable al proporcionar temperaturas m\u00e1s estables y fiables.<\/p>\n<p>[\/et_pb_text][et_pb_text _builder_version=\u00bb4.27.4&#8243; _module_preset=\u00bbdefault\u00bb global_colors_info=\u00bb{}\u00bb]<\/p>\n<p><em>Si tienes alguna pregunta sobre la participaci\u00f3n de Nelsen Efficiency en el programa Wattsmart\u00ae, ponte en contacto con nuestro centro de llamadas llamando al 1-855-805-7231.<\/em><\/p>\n<p>[\/et_pb_text][\/et_pb_column][\/et_pb_row][\/et_pb_section]<\/p>\n","protected":false},"excerpt":{"rendered":"<p>ENCONTRAR AHORROSENCONTRAR UN CONTRATISTAESTADO DE LA SOLICITUDATENCI\u00d3N AL CLIENTEInspecci\u00f3n y sellado gratuitos de conductosClaramente la mejor oferta en mantenimiento de la calidad del aireMuchos propietarios no tienen en cuenta la calidad del aire interior hasta que surgen problemas evidentes. Las fugas no detectadas en los conductos pueden aumentar tus facturas de energ\u00eda en m\u00e1s de [&hellip;]<\/p>\n","protected":false},"author":23,"featured_media":0,"parent":0,"menu_order":0,"comment_status":"closed","ping_status":"closed","template":"","meta":{"_et_pb_use_builder":"on","_et_pb_old_content":"","_et_gb_content_width":"","inline_featured_image":false,"footnotes":""},"class_list":["post-17294","page","type-page","status-publish","hentry"],"_links":{"self":[{"href":"https:\/\/wattsmartsavings.net\/es\/wp-json\/wp\/v2\/pages\/17294","targetHints":{"allow":["GET"]}}],"collection":[{"href":"https:\/\/wattsmartsavings.net\/es\/wp-json\/wp\/v2\/pages"}],"about":[{"href":"https:\/\/wattsmartsavings.net\/es\/wp-json\/wp\/v2\/types\/page"}],"author":[{"embeddable":true,"href":"https:\/\/wattsmartsavings.net\/es\/wp-json\/wp\/v2\/users\/23"}],"replies":[{"embeddable":true,"href":"https:\/\/wattsmartsavings.net\/es\/wp-json\/wp\/v2\/comments?post=17294"}],"version-history":[{"count":5,"href":"https:\/\/wattsmartsavings.net\/es\/wp-json\/wp\/v2\/pages\/17294\/revisions"}],"predecessor-version":[{"id":18749,"href":"https:\/\/wattsmartsavings.net\/es\/wp-json\/wp\/v2\/pages\/17294\/revisions\/18749"}],"wp:attachment":[{"href":"https:\/\/wattsmartsavings.net\/es\/wp-json\/wp\/v2\/media?parent=17294"}],"curies":[{"name":"wp","href":"https:\/\/api.w.org\/{rel}","templated":true}]}}