{"id":18745,"date":"2026-03-19T14:50:26","date_gmt":"2026-03-19T14:50:26","guid":{"rendered":"https:\/\/wattsmartsavings.net\/hpwh-di-dejar-atras-la-pagina\/"},"modified":"2026-03-19T14:50:26","modified_gmt":"2026-03-19T14:50:26","slug":"hpwh-di-dejar-atras-la-pagina","status":"publish","type":"page","link":"https:\/\/wattsmartsavings.net\/es\/hpwh-di-dejar-atras-la-pagina\/","title":{"rendered":"HPWH DI Dejar atr\u00e1s la p\u00e1gina"},"content":{"rendered":"<p>[et_pb_section fb_built=\u00bb1&#8243; disabled_on=\u00bboff|off|off\u00bb admin_label=\u00bbSection\u00bb _builder_version=\u00bb4.6.1&#8243; custom_padding=\u00bb9px||0px|||\u00bb da_disable_devices=\u00bboff|off|off\u00bb global_module=\u00bb2143&#8243; collapsed=\u00bboff\u00bb global_colors_info=\u00bb{}\u00bb da_is_popup=\u00bboff\u00bb da_exit_intent=\u00bboff\u00bb da_has_close=\u00bbon\u00bb da_alt_close=\u00bboff\u00bb da_dark_close=\u00bboff\u00bb da_not_modal=\u00bbon\u00bb da_is_singular=\u00bboff\u00bb da_with_loader=\u00bboff\u00bb da_has_shadow=\u00bbon\u00bb][et_pb_row column_structure=\u00bb1_4,1_4,1_4,1_4&#8243; _builder_version=\u00bb4.27.4&#8243; _module_preset=\u00bbdefault\u00bb global_colors_info=\u00bb{}\u00bb][et_pb_column type=\u00bb1_4&#8243; _builder_version=\u00bb4.27.4&#8243; _module_preset=\u00bbdefault\u00bb global_colors_info=\u00bb{}\u00bb][et_pb_text admin_label=\u00bbText\u00bb _builder_version=\u00bb4.19.5&#8243; text_text_color=\u00bb#919191&#8243; width=\u00bb100%\u00bb custom_margin=\u00bb||0px\u00bb custom_padding=\u00bb||0px\u00bb link_option_url=\u00bbhttps:\/\/wattsmartsavings.net\/washington-residential\/\u00bb z_index_tablet=\u00bb500&#8243; text_text_shadow_horizontal_length_tablet=\u00bb0px\u00bb text_text_shadow_vertical_length_tablet=\u00bb0px\u00bb text_text_shadow_blur_strength_tablet=\u00bb1px\u00bb link_text_shadow_horizontal_length_tablet=\u00bb0px\u00bb link_text_shadow_vertical_length_tablet=\u00bb0px\u00bb link_text_shadow_blur_strength_tablet=\u00bb1px\u00bb ul_text_shadow_horizontal_length_tablet=\u00bb0px\u00bb ul_text_shadow_vertical_length_tablet=\u00bb0px\u00bb ul_text_shadow_blur_strength_tablet=\u00bb1px\u00bb ol_text_shadow_horizontal_length_tablet=\u00bb0px\u00bb ol_text_shadow_vertical_length_tablet=\u00bb0px\u00bb ol_text_shadow_blur_strength_tablet=\u00bb1px\u00bb quote_text_shadow_horizontal_length_tablet=\u00bb0px\u00bb quote_text_shadow_vertical_length_tablet=\u00bb0px\u00bb quote_text_shadow_blur_strength_tablet=\u00bb1px\u00bb header_text_shadow_horizontal_length_tablet=\u00bb0px\u00bb header_text_shadow_vertical_length_tablet=\u00bb0px\u00bb header_text_shadow_blur_strength_tablet=\u00bb1px\u00bb header_2_text_shadow_horizontal_length_tablet=\u00bb0px\u00bb header_2_text_shadow_vertical_length_tablet=\u00bb0px\u00bb header_2_text_shadow_blur_strength_tablet=\u00bb1px\u00bb header_3_text_shadow_horizontal_length_tablet=\u00bb0px\u00bb header_3_text_shadow_vertical_length_tablet=\u00bb0px\u00bb header_3_text_shadow_blur_strength_tablet=\u00bb1px\u00bb header_4_text_shadow_horizontal_length_tablet=\u00bb0px\u00bb header_4_text_shadow_vertical_length_tablet=\u00bb0px\u00bb header_4_text_shadow_blur_strength_tablet=\u00bb1px\u00bb header_5_text_shadow_horizontal_length_tablet=\u00bb0px\u00bb header_5_text_shadow_vertical_length_tablet=\u00bb0px\u00bb header_5_text_shadow_blur_strength_tablet=\u00bb1px\u00bb header_6_text_shadow_horizontal_length_tablet=\u00bb0px\u00bb header_6_text_shadow_vertical_length_tablet=\u00bb0px\u00bb header_6_text_shadow_blur_strength_tablet=\u00bb1px\u00bb box_shadow_horizontal_tablet=\u00bb0px\u00bb box_shadow_vertical_tablet=\u00bb0px\u00bb box_shadow_blur_tablet=\u00bb40px\u00bb box_shadow_spread_tablet=\u00bb0px\u00bb global_colors_info=\u00bb{}\u00bb]<\/p>\n<p style=\"text-align: center;\"><a id=\"subhead-fac-main\" style=\"color: #196fb6;\" href=\"https:\/\/wattsmartsavings.net\/washington-residential\/\"><strong>ENCONTRAR AHORROS<\/strong><\/a><\/p>\n<p>[\/et_pb_text][\/et_pb_column][et_pb_column type=\u00bb1_4&#8243; _builder_version=\u00bb4.27.4&#8243; _module_preset=\u00bbdefault\u00bb global_colors_info=\u00bb{}\u00bb][et_pb_text _builder_version=\u00bb4.16&#8243; text_font=\u00bb||||||||\u00bb custom_margin=\u00bb||0px|||\u00bb custom_padding=\u00bb||0px\u00bb link_option_url=\u00bb#\u00bb global_colors_info=\u00bb{}\u00bb]<\/p>\n<p style=\"text-align: center;\"><a href=\"https:\/\/pacificpowervendor.force.com\/tradeally\/s\/find-residential-vendor?sector=Residential\" style=\"color: #196fb6;\" id=\"subnav-find-a-contractor-main\" target=\"_blank\" rel=\"noopener noreferrer\"><strong>ENCONTRAR UN CONTRATISTA<\/strong><\/a><\/p>\n<p>[\/et_pb_text][\/et_pb_column][et_pb_column type=\u00bb1_4&#8243; _builder_version=\u00bb4.27.4&#8243; _module_preset=\u00bbdefault\u00bb global_colors_info=\u00bb{}\u00bb][et_pb_text admin_label=\u00bbText\u00bb _builder_version=\u00bb4.16&#8243; custom_margin=\u00bb0px||0px\u00bb custom_padding=\u00bb||0px\u00bb link_option_url=\u00bb#\u00bb global_colors_info=\u00bb{}\u00bb]<\/p>\n<p style=\"text-align: center;\"><a href=\"https:\/\/pacificorpdsmc.traksmart.com\/traksmart4\/html\/pux\/application-search\" style=\"color: #196fb6;\"><strong>ESTADO DE LA SOLICITUD<\/strong><\/a><\/p>\n<p>[\/et_pb_text][\/et_pb_column][et_pb_column type=\u00bb1_4&#8243; _builder_version=\u00bb4.27.4&#8243; _module_preset=\u00bbdefault\u00bb global_colors_info=\u00bb{}\u00bb][et_pb_text _builder_version=\u00bb4.16&#8243; custom_margin=\u00bb||0px\u00bb custom_padding=\u00bb||0px\u00bb link_option_url=\u00bb#\u00bb global_colors_info=\u00bb{}\u00bb]<\/p>\n<p style=\"text-align: center;\"><a href=\"https:\/\/wattsmartsavings.net\/washington-residential\/faqs-wa\/\" style=\"color: #196fb6\" id=\"subnav-customer-support\"><strong>ATENCI\u00d3N AL CLIENTE<\/strong><\/a><\/p>\n<p>[\/et_pb_text][\/et_pb_column][\/et_pb_row][et_pb_row _builder_version=\u00bb4.27.4&#8243; _module_preset=\u00bbdefault\u00bb global_colors_info=\u00bb{}\u00bb][et_pb_column type=\u00bb4_4&#8243; _builder_version=\u00bb4.27.4&#8243; _module_preset=\u00bbdefault\u00bb global_colors_info=\u00bb{}\u00bb][et_pb_divider color=\u00bb#D6D6D6&#8243; _builder_version=\u00bb4.27.4&#8243; _module_preset=\u00bbdefault\u00bb custom_margin=\u00bb-24px||||false|false\u00bb global_colors_info=\u00bb{}\u00bb][\/et_pb_divider][\/et_pb_column][\/et_pb_row][\/et_pb_section][et_pb_section fb_built=\u00bb1&#8243; _builder_version=\u00bb4.27.4&#8243; custom_margin=\u00bb1px|||||\u00bb custom_padding=\u00bb3px||24px|||\u00bb da_disable_devices=\u00bboff|off|off\u00bb global_colors_info=\u00bb{}\u00bb da_is_popup=\u00bboff\u00bb da_exit_intent=\u00bboff\u00bb da_has_close=\u00bbon\u00bb da_alt_close=\u00bboff\u00bb da_dark_close=\u00bboff\u00bb da_not_modal=\u00bbon\u00bb da_is_singular=\u00bboff\u00bb da_with_loader=\u00bboff\u00bb da_has_shadow=\u00bbon\u00bb][et_pb_row use_custom_gutter=\u00bbon\u00bb gutter_width=\u00bb1&#8243; padding_top_bottom_link_2=\u00bbtrue\u00bb padding_left_right_link_2=\u00bbtrue\u00bb disabled_on=\u00bbon|on|off\u00bb module_class=\u00bbpa-inline-buttons\u00bb _builder_version=\u00bb4.16&#8243; custom_margin=\u00bb1px|auto|-8px|auto||\u00bb global_colors_info=\u00bb{}\u00bb][et_pb_column type=\u00bb4_4&#8243; _builder_version=\u00bb4.16&#8243; custom_padding=\u00bb|||\u00bb global_colors_info=\u00bb{}\u00bb custom_padding__hover=\u00bb|||\u00bb][et_pb_text _builder_version=\u00bb4.27.4&#8243; header_font=\u00bb||||||||\u00bb header_2_font=\u00bb||||||||\u00bb header_2_font_size=\u00bb29px\u00bb global_colors_info=\u00bb{}\u00bb]<\/p>\n<h1 style=\"text-align: center;\"><strong>Mejora gratuita del calentador de agua con bomba de calor<\/strong><\/h1>\n<p>[\/et_pb_text][et_pb_image src=\u00bbhttps:\/\/wattsmartsavings.net\/wp-content\/uploads\/GettyImages-2193731546-scaled-e1769542976781.jpg\u00bb title_text=\u00bbMother and son shared moment of hygiene: washing hands together in the bathroom, genuine parenting moments.\u00bb align=\u00bbcenter\u00bb align_tablet=\u00bbcenter\u00bb align_phone=\u00bb\u00bb align_last_edited=\u00bbon|desktop\u00bb _builder_version=\u00bb4.27.4&#8243; width=\u00bb100%\u00bb min_height=\u00bb484.8px\u00bb custom_margin=\u00bb|||||\u00bb custom_padding=\u00bb|||||\u00bb z_index_tablet=\u00bb500&#8243; global_colors_info=\u00bb{}\u00bb]<br \/>\n[\/et_pb_image][et_pb_text _builder_version=\u00bb4.27.4&#8243; text_font=\u00bb||||||||\u00bb header_font=\u00bb|700|||||||\u00bb header_text_align=\u00bbcenter\u00bb header_text_color=\u00bb#196fb6&#8243; header_2_font=\u00bb|700|||||||\u00bb header_2_text_align=\u00bbcenter\u00bb header_2_text_color=\u00bb#196fb6&#8243; background_color=\u00bb#f5f5f5&#8243; min_height=\u00bb54px\u00bb custom_margin=\u00bb|||||\u00bb custom_padding=\u00bb1vw||0.5vw||false\u00bb hover_enabled=\u00bb0&#8243; global_colors_info=\u00bb{}\u00bb sticky_enabled=\u00bb0&#8243;]<\/p>\n<h2>Requisitos y detalles del programa<\/h2>\n<p>[\/et_pb_text][\/et_pb_column][\/et_pb_row][et_pb_row _builder_version=\u00bb4.16&#8243; _module_preset=\u00bbdefault\u00bb min_height=\u00bb136.1px\u00bb custom_margin=\u00bb-12px|auto|2px|auto||\u00bb custom_padding=\u00bb||0px|||\u00bb global_colors_info=\u00bb{}\u00bb][et_pb_column type=\u00bb4_4&#8243; _builder_version=\u00bb4.16&#8243; _module_preset=\u00bbdefault\u00bb global_colors_info=\u00bb{}\u00bb][et_pb_text _builder_version=\u00bb4.27.4&#8243; _module_preset=\u00bbdefault\u00bb custom_margin=\u00bb||||true\u00bb custom_padding=\u00bb17px|8px|17px|8px|true|true\u00bb hover_enabled=\u00bb0&#8243; border_radii=\u00bbon|2px|2px|2px|2px\u00bb border_width_all=\u00bb2px\u00bb border_color_all=\u00bb#6cc24a\u00bb global_colors_info=\u00bb{}\u00bb sticky_enabled=\u00bb0&#8243;]<\/p>\n<h4><strong>Cumples los requisitos si<\/strong><\/h4>\n<p style=\"padding-left: 40px;\"><span data-contrast=\"auto\"><span style=\"color: #6cc24a;\">\u2611 <\/span>Tu casa tiene actualmente un <\/span><b><span data-contrast=\"auto\">calentador de agua el\u00e9ctrico de acumulaci\u00f3n (dep\u00f3sito)<\/span><\/b><span data-contrast=\"auto\">.<\/span><span data-ccp-props=\"{}\"><br \/><\/span><span data-contrast=\"auto\"><span style=\"color: #6cc24a;\">\u2611 <\/span>Tu casa tiene <\/span><b><span data-contrast=\"auto\">espacio, ventilaci\u00f3n, calor y desag\u00fce adecuados<\/span><\/b><span data-contrast=\"auto\"> para la nueva unidad.<\/span><span data-ccp-props=\"{}\"><br \/><\/span><span data-contrast=\"auto\"><span style=\"color: #6cc24a;\">\u2611 <\/span>Vives en una <\/span><b><span data-contrast=\"auto\">vivienda unifamiliar o prefabricada<\/span><\/b><span data-contrast=\"auto\">.<\/span><span data-ccp-props=\"{}\"><br \/><\/span><span data-contrast=\"auto\"><span style=\"color: #6cc24a;\">\u2611 <\/span>Eres <\/span><b><span data-contrast=\"auto\">eres propietario de la vivienda subvencionable<\/span><\/b><span data-contrast=\"auto\"> (no eres inquilino).<\/span><span data-ccp-props=\"{}\"><br \/><\/span><span data-contrast=\"auto\"><span style=\"color: #6cc24a;\">\u2611 <\/span>Tu casa recibe energ\u00eda en un <\/span><b><span data-contrast=\"auto\">tarifa elegible de Pacific Power<\/span><\/b><span data-contrast=\"auto\">.<\/span><span data-ccp-props=\"{}\"> <\/span><\/p>\n<p><em><span data-contrast=\"auto\" xml:lang=\"EN-US\" lang=\"EN-US\" class=\"TextRun SCXW21750473 BCX8\"><span class=\"NormalTextRun SCXW21750473 BCX8\">Nota:  <\/span><\/span><span data-contrast=\"auto\" xml:lang=\"EN-US\" lang=\"EN-US\" class=\"TextRun SCXW21750473 BCX8\"><span class=\"NormalTextRun SCXW21750473 BCX8\">Las conversiones de sistemas de gas no tienen derecho a descuento (<\/span><span class=\"NormalTextRun ContextualSpellingAndGrammarErrorV2Themed SCXW21750473 BCX8\">G<\/span><span class=\"NormalTextRun ContextualSpellingAndGrammarErrorV2Themed SCXW21750473 BCX8\">en cuanto a<\/span><span class=\"NormalTextRun SCXW21750473 BCX8\"> las transiciones el\u00e9ctricas no son <\/span><span class=\"NormalTextRun SCXW21750473 BCX8\">elegibles<\/span><span class=\"NormalTextRun SCXW21750473 BCX8\">).<\/span><\/span><span class=\"EOP SCXW21750473 BCX8\" data-ccp-props=\"{\"335559685\":0}\"> <\/span><\/em><\/p>\n<p>[\/et_pb_text][et_pb_text _builder_version=\u00bb4.27.4&#8243; _module_preset=\u00bbdefault\u00bb min_height=\u00bb325px\u00bb custom_margin=\u00bb||10px|||\u00bb hover_enabled=\u00bb0&#8243; global_colors_info=\u00bb{}\u00bb sticky_enabled=\u00bb0&#8243;]<\/p>\n<h4><strong>Productos elegibles<\/strong><\/h4>\n<p><span data-contrast=\"auto\">Para ayudar a garantizar la satisfacci\u00f3n del cliente y el ahorro de costes energ\u00e9ticos, el programa s\u00f3lo acepta <\/span><b><span data-contrast=\"auto\">modelos de calentadores de agua con bomba de calor con certificaci\u00f3n NEEA Tier 3 que:<\/span><\/b><span data-ccp-props=\"{}\"> <\/span><\/p>\n<p style=\"padding-left: 40px;\">&#8211;<span data-contrast=\"auto\">Cumplen estrictas normas de eficiencia energ\u00e9tica<\/span><span data-ccp-props=\"{}\"><br \/><\/span><span data-contrast=\"auto\">&#8211; Funcionan con niveles de ruido bajos<\/span><span data-ccp-props=\"{}\"><br \/><\/span><span data-contrast=\"auto\">&#8211; Incluyen <\/span><b><span data-contrast=\"auto\">un a\u00f1o de garant\u00eda de mano de obra<\/span><\/b><span data-contrast=\"auto\"> y una garant\u00eda de 10 a\u00f1os para las piezas <\/span> <span data-ccp-props=\"{}\"> <\/span><\/p>\n<p><span data-contrast=\"auto\">Para m\u00e1s informaci\u00f3n sobre los productos cualificados, habla con tu Aliado Comercial o consulta la <\/span><a href=\"https:\/\/wattsmartsavings.net\/washington-residential\/qualified-products-wa\/wa-heatpumpwaterheaters-qpl\/\"><span data-contrast=\"none\">Lista de productos cualificados<\/span><\/a><span data-contrast=\"auto\">.<\/span><span data-ccp-props=\"{\"335559685\":0}\"> <\/span><\/p>\n<h4><strong><\/strong><\/h4>\n<h4><strong>Trabajar con un aliado comercial<\/strong><\/h4>\n<p><span data-contrast=\"auto\">El programa Wattsmart\u00ae Homes te pone en contacto con aliados comerciales de la red de t\u00e9cnicos autorizados de Pacific Power para realizar trabajos en tu zona. La asistencia personalizada est\u00e1 disponible en ingl\u00e9s y espa\u00f1ol para los clientes que cumplan los requisitos. <\/span><span data-ccp-props=\"{}\"> <\/span><\/p>\n<p><span data-contrast=\"auto\">Si cumples los requisitos para sustituir un calentador de agua con bomba de calor, un Aliado Comercial necesitar\u00e1 acceder a tu calentador de agua actual, al equipo de calefacci\u00f3n y refrigeraci\u00f3n y al lugar de instalaci\u00f3n. Prev\u00e9 aproximadamente   <\/span><b><span data-contrast=\"auto\">un (1) d\u00eda <\/span><\/b><span data-contrast=\"auto\">para la finalizaci\u00f3n del proyecto.<\/span><span data-ccp-props=\"{}\"> <\/span><\/p>\n<p><span style=\"text-decoration: underline;\"><strong><span style=\"font-size: large; color: #000000; text-decoration: underline;\"><\/span><\/strong><\/span><\/p>\n<p>[\/et_pb_text][et_pb_button button_url=\u00bbtel:18558057231&#8243; url_new_window=\u00bbon\u00bb button_text=\u00bbBook your visit with a Trade Ally today\u00bb button_alignment=\u00bbcenter\u00bb disabled_on=\u00bboff|off|off\u00bb _builder_version=\u00bb4.27.4&#8243; _module_preset=\u00bbdefault\u00bb custom_button=\u00bbon\u00bb button_text_size=\u00bb22px\u00bb button_text_color=\u00bb#FFFFFF\u00bb button_bg_color=\u00bb#6cc24a\u00bb button_font=\u00bb|700|||||||\u00bb button_icon=\u00bb\uf879||fa||900&#8243; button_icon_placement=\u00bbleft\u00bb button_on_hover=\u00bboff\u00bb custom_margin=\u00bb||10px|||\u00bb hover_enabled=\u00bb0&#8243; global_colors_info=\u00bb{}\u00bb sticky_enabled=\u00bb0&#8243;][\/et_pb_button][et_pb_text _builder_version=\u00bb4.27.4&#8243; _module_preset=\u00bbdefault\u00bb custom_margin=\u00bb||||true\u00bb custom_padding=\u00bb17px|8px|17px|8px|true|true\u00bb border_radii=\u00bbon|2px|2px|2px|2px\u00bb border_color_all=\u00bb#196FB6&#8243; global_colors_info=\u00bb{}\u00bb]<\/p>\n<p>Si tienes preguntas sobre el papel de un Aliado Comercial en el programa Wattsmart\u00ae Homes, ponte en contacto con nuestro centro de llamadas llamando al <strong>1-855-805-7231. <\/strong> <\/p>\n<p><em><b><\/b><\/em><\/p>\n<p><span style=\"font-size: small;\"><em><b>Descargo de responsabilidad<\/b><br \/>La participaci\u00f3n est\u00e1 sujeta a la aprobaci\u00f3n del proyecto y a la financiaci\u00f3n disponible. La financiaci\u00f3n del programa de descuentos en calentadores de agua con bomba de calor corre a cargo de Pacific Power, como parte del programa Wattsmart\u00ae Homes.   <\/em><\/span><\/p>\n<p>[\/et_pb_text][\/et_pb_column][\/et_pb_row][\/et_pb_section]<\/p>\n","protected":false},"excerpt":{"rendered":"<p>ENCONTRAR AHORROSENCONTRAR UN CONTRATISTAESTADO DE LA SOLICITUDATENCI\u00d3N AL CLIENTEMejora gratuita del calentador de agua con bomba de calor Requisitos y detalles del programaCumples los requisitos si \u2611 Tu casa tiene actualmente un calentador de agua el\u00e9ctrico de acumulaci\u00f3n (dep\u00f3sito).\u2611 Tu casa tiene espacio, ventilaci\u00f3n, calor y desag\u00fce adecuados para la nueva unidad.\u2611 Vives en una [&hellip;]<\/p>\n","protected":false},"author":21,"featured_media":0,"parent":0,"menu_order":0,"comment_status":"closed","ping_status":"closed","template":"","meta":{"_et_pb_use_builder":"on","_et_pb_old_content":"","_et_gb_content_width":"","inline_featured_image":false,"footnotes":""},"class_list":["post-18745","page","type-page","status-publish","hentry"],"_links":{"self":[{"href":"https:\/\/wattsmartsavings.net\/es\/wp-json\/wp\/v2\/pages\/18745","targetHints":{"allow":["GET"]}}],"collection":[{"href":"https:\/\/wattsmartsavings.net\/es\/wp-json\/wp\/v2\/pages"}],"about":[{"href":"https:\/\/wattsmartsavings.net\/es\/wp-json\/wp\/v2\/types\/page"}],"author":[{"embeddable":true,"href":"https:\/\/wattsmartsavings.net\/es\/wp-json\/wp\/v2\/users\/21"}],"replies":[{"embeddable":true,"href":"https:\/\/wattsmartsavings.net\/es\/wp-json\/wp\/v2\/comments?post=18745"}],"version-history":[{"count":0,"href":"https:\/\/wattsmartsavings.net\/es\/wp-json\/wp\/v2\/pages\/18745\/revisions"}],"wp:attachment":[{"href":"https:\/\/wattsmartsavings.net\/es\/wp-json\/wp\/v2\/media?parent=18745"}],"curies":[{"name":"wp","href":"https:\/\/api.w.org\/{rel}","templated":true}]}}